{"id":19269,"date":"2022-06-01T16:40:14","date_gmt":"2022-06-01T16:40:14","guid":{"rendered":"https:\/\/westgem.shop\/?post_type=product&#038;p=19269"},"modified":"2024-02-03T07:36:07","modified_gmt":"2024-02-03T07:36:07","slug":"picasso-marbre-utah","status":"publish","type":"product","link":"https:\/\/westgem.shop\/fr\/produit\/picasso-marbre-utah\/","title":{"rendered":"Marbre Picasso - Utah"},"content":{"rendered":"<p><strong>Pierre brute taill\u00e9e d'un c\u00f4t\u00e9 - Non polie<\/strong><\/p>\n<p>Le marbre Picasso est un calcaire m\u00e9tamorphique<\/p>\n<p><strong>MARBRE DE DOLOMIT<\/strong><\/p>\n<p>Les lignes, couleurs et structures bizarres sont cr\u00e9\u00e9es par des oxydes de fer.<\/p>\n<p>Bien \u00e0 tailler pour les pierres pr\u00e9cieuses etc. - tr\u00e8s attractif. !<\/p>\n<p>Lieu de d\u00e9couverte des pierres brutes :<\/p>\n<p><strong>Mineral Mountains - Beaver Co. - Utah - USA<\/strong><\/p>\n<p>poids : <strong>930 g<\/strong><\/p>\n<p>Dim : 17 x 12 x 5 cm<\/p>","protected":false},"excerpt":{"rendered":"<p>Pierre brute taill\u00e9e d'un c\u00f4t\u00e9 - Non polie Le marbre Picasso est une pierre calcaire m\u00e9tamorphique MARBRE DOLOMIQUE Les lignes, couleurs et structures bizarres sont dues aux oxydes de fer. Bonne \u00e0 tailler pour les pierres pr\u00e9cieuses etc. - tr\u00e8s attractif ! Lieu de d\u00e9couverte des pierres brutes : Mineral Mountains - Beaver Co. - Utah - USA Poids : 930 g Dim. : 17 x 12 x 5 cm<\/p>","protected":false},"featured_media":19270,"template":"","meta":{"_acf_changed":false},"region":[61],"product_brand":[],"product_cat":[18,16],"product_tag":[],"class_list":{"0":"post-19269","1":"product","2":"type-product","3":"status-publish","4":"has-post-thumbnail","6":"region-nordamerika","7":"product_cat-geschliffene-einzelstucke","8":"product_cat-rohsteine","10":"first","11":"instock","12":"taxable","13":"shipping-taxable","14":"purchasable","15":"product-type-simple"},"acf":[],"_links":{"self":[{"href":"https:\/\/westgem.shop\/fr\/wp-json\/wp\/v2\/product\/19269","targetHints":{"allow":["GET"]}}],"collection":[{"href":"https:\/\/westgem.shop\/fr\/wp-json\/wp\/v2\/product"}],"about":[{"href":"https:\/\/westgem.shop\/fr\/wp-json\/wp\/v2\/types\/product"}],"wp:featuredmedia":[{"embeddable":true,"href":"https:\/\/westgem.shop\/fr\/wp-json\/wp\/v2\/media\/19270"}],"wp:attachment":[{"href":"https:\/\/westgem.shop\/fr\/wp-json\/wp\/v2\/media?parent=19269"}],"wp:term":[{"taxonomy":"region","embeddable":true,"href":"https:\/\/westgem.shop\/fr\/wp-json\/wp\/v2\/region?post=19269"},{"taxonomy":"product_brand","embeddable":true,"href":"https:\/\/westgem.shop\/fr\/wp-json\/wp\/v2\/product_brand?post=19269"},{"taxonomy":"product_cat","embeddable":true,"href":"https:\/\/westgem.shop\/fr\/wp-json\/wp\/v2\/product_cat?post=19269"},{"taxonomy":"product_tag","embeddable":true,"href":"https:\/\/westgem.shop\/fr\/wp-json\/wp\/v2\/product_tag?post=19269"}],"curies":[{"name":"wp","href":"https:\/\/api.w.org\/{rel}","templated":true}]}}