{"id":19299,"date":"2022-06-12T09:19:14","date_gmt":"2022-06-12T09:19:14","guid":{"rendered":"https:\/\/westgem.shop\/?post_type=product&#038;p=19299"},"modified":"2024-02-03T07:35:38","modified_gmt":"2024-02-03T07:35:38","slug":"veritable-jade-vert-nephrite","status":"publish","type":"product","link":"https:\/\/westgem.shop\/fr\/produit\/veritable-jade-vert-nephrite\/","title":{"rendered":"V\u00e9ritable JADE vert - n\u00e9phrite"},"content":{"rendered":"<p><strong>plaque polie sur une face<\/strong><\/p>\n<p><strong>V\u00e9ritable JADE vert - Var. NEPHRIT<\/strong><\/p>\n<p><strong>Parmi les VRAIS min\u00e9raux de JADE, on trouve le NUR - JADEIT - NEPHRIT et le MAW SIT SIT.<\/strong><\/p>\n<p><strong>Teintes vertes satur\u00e9es avec de petites inclusions de pyrite.<\/strong><\/p>\n<p>La plaque est<strong> 17,5 cm de long,<\/strong> 7 cm de large et 0,7 cm d'\u00e9paisseur<\/p>\n<p>poids : 244 g<\/p>\n<p><strong>Emplacement de la trouvaille des pierres brutes : Rivi\u00e8re Onat - Montagnes Sayan - R\u00e9gion Ba\u00efkal - Sib\u00e9rie du Sud<\/strong><\/p>\n<p>De l'ancienne collection.<\/p>\n<p>&nbsp;<\/p>","protected":false},"excerpt":{"rendered":"<p>Plaque polie sur une face V\u00e9ritable JADE vert - Var. NEPHRIT Les min\u00e9raux de JADE VERITABLES comprennent la NUR - JADEIT - NEPHRIT et le MAW SIT SIT Des tons verts riches avec de petites inclusions de pyrite. La plaque mesure 17,5 cm de long, 7 cm de large et 0,7 cm d'\u00e9paisseur Poids : 244 g Lieu de d\u00e9couverte des pierres brutes : Rivi\u00e8re Onat - Montagne Sayan [...].<\/p>","protected":false},"featured_media":19329,"template":"","meta":{"_acf_changed":false},"region":[57],"product_brand":[],"product_cat":[18,16],"product_tag":[],"class_list":{"0":"post-19299","1":"product","2":"type-product","3":"status-publish","4":"has-post-thumbnail","6":"region-asien","7":"product_cat-geschliffene-einzelstucke","8":"product_cat-rohsteine","10":"first","11":"instock","12":"taxable","13":"shipping-taxable","14":"purchasable","15":"product-type-simple"},"acf":[],"_links":{"self":[{"href":"https:\/\/westgem.shop\/fr\/wp-json\/wp\/v2\/product\/19299","targetHints":{"allow":["GET"]}}],"collection":[{"href":"https:\/\/westgem.shop\/fr\/wp-json\/wp\/v2\/product"}],"about":[{"href":"https:\/\/westgem.shop\/fr\/wp-json\/wp\/v2\/types\/product"}],"wp:featuredmedia":[{"embeddable":true,"href":"https:\/\/westgem.shop\/fr\/wp-json\/wp\/v2\/media\/19329"}],"wp:attachment":[{"href":"https:\/\/westgem.shop\/fr\/wp-json\/wp\/v2\/media?parent=19299"}],"wp:term":[{"taxonomy":"region","embeddable":true,"href":"https:\/\/westgem.shop\/fr\/wp-json\/wp\/v2\/region?post=19299"},{"taxonomy":"product_brand","embeddable":true,"href":"https:\/\/westgem.shop\/fr\/wp-json\/wp\/v2\/product_brand?post=19299"},{"taxonomy":"product_cat","embeddable":true,"href":"https:\/\/westgem.shop\/fr\/wp-json\/wp\/v2\/product_cat?post=19299"},{"taxonomy":"product_tag","embeddable":true,"href":"https:\/\/westgem.shop\/fr\/wp-json\/wp\/v2\/product_tag?post=19299"}],"curies":[{"name":"wp","href":"https:\/\/api.w.org\/{rel}","templated":true}]}}