{"id":19371,"date":"2022-06-18T11:52:00","date_gmt":"2022-06-18T11:52:00","guid":{"rendered":"https:\/\/westgem.shop\/?post_type=product&#038;p=19371"},"modified":"2024-02-03T07:34:35","modified_gmt":"2024-02-03T07:34:35","slug":"veritable-jade-siberien","status":"publish","type":"product","link":"https:\/\/westgem.shop\/fr\/produit\/veritable-jade-siberien\/","title":{"rendered":"V\u00e9ritable JADE - Sib\u00e9rie"},"content":{"rendered":"<p>Plaque polie sur une face<\/p>\n<p><strong>V\u00e9ritable jade vert profond - NEPHRIT<\/strong><\/p>\n<p>Il y a peu de sites dans le monde.<\/p>\n<p>Tr\u00e8s dur, tenace mais facile \u00e0 polir.<\/p>\n<p>&nbsp;<\/p>\n<p>Lieu de d\u00e9couverte :<strong> Rivi\u00e8re Onat - Montagnes de Sayan - Sib\u00e9rie du Sud<\/strong><\/p>\n<p>poids : 162 g<\/p>\n<p>Dim :\u00a0<strong> 16 x 7 x 0,7 cm<\/strong><\/p>\n<p><strong>SUPER PRIX ! !!<\/strong><\/p>","protected":false},"excerpt":{"rendered":"<p>Plaque polie sur une face Vert profond VRAI JADE - NEPHRITE Il y a peu de sites dans le monde . Tr\u00e8s dure, tenace mais facile \u00e0 polir.   Lieu de d\u00e9couverte : Rivi\u00e8re Onat - Montagnes Sayan - Sib\u00e9rie du Sud Poids : 162 g Dim. : 16 x 7 x 0,7 cm SUPER PRIX ! !!<\/p>","protected":false},"featured_media":19372,"template":"","meta":{"_acf_changed":false},"region":[57],"product_brand":[],"product_cat":[18,16],"product_tag":[],"class_list":{"0":"post-19371","1":"product","2":"type-product","3":"status-publish","4":"has-post-thumbnail","6":"region-asien","7":"product_cat-geschliffene-einzelstucke","8":"product_cat-rohsteine","10":"first","11":"instock","12":"taxable","13":"shipping-taxable","14":"purchasable","15":"product-type-simple"},"acf":[],"_links":{"self":[{"href":"https:\/\/westgem.shop\/fr\/wp-json\/wp\/v2\/product\/19371","targetHints":{"allow":["GET"]}}],"collection":[{"href":"https:\/\/westgem.shop\/fr\/wp-json\/wp\/v2\/product"}],"about":[{"href":"https:\/\/westgem.shop\/fr\/wp-json\/wp\/v2\/types\/product"}],"wp:featuredmedia":[{"embeddable":true,"href":"https:\/\/westgem.shop\/fr\/wp-json\/wp\/v2\/media\/19372"}],"wp:attachment":[{"href":"https:\/\/westgem.shop\/fr\/wp-json\/wp\/v2\/media?parent=19371"}],"wp:term":[{"taxonomy":"region","embeddable":true,"href":"https:\/\/westgem.shop\/fr\/wp-json\/wp\/v2\/region?post=19371"},{"taxonomy":"product_brand","embeddable":true,"href":"https:\/\/westgem.shop\/fr\/wp-json\/wp\/v2\/product_brand?post=19371"},{"taxonomy":"product_cat","embeddable":true,"href":"https:\/\/westgem.shop\/fr\/wp-json\/wp\/v2\/product_cat?post=19371"},{"taxonomy":"product_tag","embeddable":true,"href":"https:\/\/westgem.shop\/fr\/wp-json\/wp\/v2\/product_tag?post=19371"}],"curies":[{"name":"wp","href":"https:\/\/api.w.org\/{rel}","templated":true}]}}