{"id":19382,"date":"2022-06-01T11:44:04","date_gmt":"2022-06-01T11:44:04","guid":{"rendered":"https:\/\/westgem.shop\/?post_type=product&#038;p=19382"},"modified":"2024-02-03T07:54:59","modified_gmt":"2024-02-03T07:54:59","slug":"niveau-de-cristal-de-fluorite-bleue-xx","status":"publish","type":"product","link":"https:\/\/westgem.shop\/fr\/produit\/niveau-de-cristal-de-fluorite-bleue-xx\/","title":{"rendered":"Nouveau Mexique FLUORIT xx"},"content":{"rendered":"<p><strong>Cristaux cubiques de fluorite bleue et brune sur une matrice de quartz dure.<\/strong><\/p>\n<p>&nbsp;<\/p>\n<p><strong>Les oxydes de fer donnent une coloration brune naturelle aux xx transparents et bleus.<\/strong><\/p>\n<p>&nbsp;<\/p>\n<p><strong>Un niveau min\u00e9ral int\u00e9ressant \u00e0 un prix de premier ordre.<\/strong><\/p>\n<p>Pi\u00e8ces anciennes des ann\u00e9es 1990 - peu de nouvelles trouvailles sur le march\u00e9 en Europe.<\/p>\n<p>&nbsp;<\/p>\n<p><strong>Lieu de d\u00e9couverte : Blanchard Claim - Hansonburg - Nouveau Mexique - USA<\/strong><\/p>\n<p>Poids : 427 g<\/p>\n<p>Dim :\u00a0<strong> 14,5 x 7 x 5 cm<\/strong><\/p>\n<p>La derni\u00e8re image montre la face inf\u00e9rieure.<\/p>","protected":false},"excerpt":{"rendered":"<p>Cristaux de fluorine cubiques bleus et bruns sur une matrice de quartz dure.   Les oxydes de fer donnent une coloration brune naturelle aux xx transparents et bleus. Un min\u00e9ral int\u00e9ressant \u00e0 un prix de premier ordre. Pi\u00e8ces anciennes datant des ann\u00e9es 1990 - peu de nouvelles d\u00e9couvertes sur le march\u00e9 europ\u00e9en.   Lieu de la d\u00e9couverte : Blanchard Claim - Hansonburg - Nouveau-Mexique - USA Poids : [...]<\/p>","protected":false},"featured_media":19383,"template":"","meta":{"_acf_changed":false},"region":[61],"product_brand":[],"product_cat":[19],"product_tag":[],"class_list":{"0":"post-19382","1":"product","2":"type-product","3":"status-publish","4":"has-post-thumbnail","6":"region-nordamerika","7":"product_cat-kristallstufen","9":"first","10":"instock","11":"taxable","12":"shipping-taxable","13":"purchasable","14":"product-type-simple"},"acf":[],"_links":{"self":[{"href":"https:\/\/westgem.shop\/fr\/wp-json\/wp\/v2\/product\/19382","targetHints":{"allow":["GET"]}}],"collection":[{"href":"https:\/\/westgem.shop\/fr\/wp-json\/wp\/v2\/product"}],"about":[{"href":"https:\/\/westgem.shop\/fr\/wp-json\/wp\/v2\/types\/product"}],"wp:featuredmedia":[{"embeddable":true,"href":"https:\/\/westgem.shop\/fr\/wp-json\/wp\/v2\/media\/19383"}],"wp:attachment":[{"href":"https:\/\/westgem.shop\/fr\/wp-json\/wp\/v2\/media?parent=19382"}],"wp:term":[{"taxonomy":"region","embeddable":true,"href":"https:\/\/westgem.shop\/fr\/wp-json\/wp\/v2\/region?post=19382"},{"taxonomy":"product_brand","embeddable":true,"href":"https:\/\/westgem.shop\/fr\/wp-json\/wp\/v2\/product_brand?post=19382"},{"taxonomy":"product_cat","embeddable":true,"href":"https:\/\/westgem.shop\/fr\/wp-json\/wp\/v2\/product_cat?post=19382"},{"taxonomy":"product_tag","embeddable":true,"href":"https:\/\/westgem.shop\/fr\/wp-json\/wp\/v2\/product_tag?post=19382"}],"curies":[{"name":"wp","href":"https:\/\/api.w.org\/{rel}","templated":true}]}}