{"id":19436,"date":"2022-07-07T12:34:20","date_gmt":"2022-07-07T12:34:20","guid":{"rendered":"https:\/\/westgem.shop\/?post_type=product&#038;p=19436"},"modified":"2024-02-15T20:33:41","modified_gmt":"2024-02-15T20:33:41","slug":"dumortierit-affutage","status":"publish","type":"product","link":"https:\/\/westgem.shop\/fr\/produit\/dumortierit-affutage\/","title":{"rendered":"Dumoris\u00e9 - Aff\u00fbtage"},"content":{"rendered":"<div class=\"flex-1 overflow-hidden\">\n<div class=\"react-scroll-to-bottom--css-bpayl-79elbk h-full\">\n<div class=\"react-scroll-to-bottom--css-bpayl-1n7m0yu\">\n<div class=\"flex flex-col pb-9 text-sm\">\n<div class=\"w-full text-token-text-primary\" data-testid=\"conversation-turn-5\">\n<div class=\"px-4 py-2 justify-center text-base md:gap-6 m-auto\">\n<div class=\"flex flex-1 text-base mx-auto gap-3 md:px-5 lg:px-1 xl:px-5 md:max-w-3xl lg:max-w-[40rem] xl:max-w-[48rem] group final-completion\">\n<div class=\"relative flex w-full flex-col agent-turn\">\n<div class=\"flex-col gap-1 md:gap-3\">\n<div class=\"flex flex-grow flex-col max-w-full\">\n<div class=\"min-h-[20px] text-message flex flex-col items-start gap-3 whitespace-pre-wrap break-words [.text-message+&amp;]:mt-5 overflow-x-auto\" data-message-author-role=\"assistant\" data-message-id=\"aa3e47e8-54ad-48bc-94d4-8fef5fc1803b\">\n<div class=\"markdown prose w-full break-words dark:prose-invert light\">\n<p>Cette pierre brute de dumortierite est un sp\u00e9cimen exceptionnel d'un min\u00e9ral plut\u00f4t rare qui porte le nom du pal\u00e9ontologue fran\u00e7ais Eug\u00e8ne Dumortier. La dumortierite est un silicate d'aluminium et de bore qui se caract\u00e9rise par une duret\u00e9 exceptionnelle de 7 \u00e0 8 sur l'\u00e9chelle de Mohs et par son aspect tachet\u00e9 bleu fonc\u00e9 marquant. Son poids propre \u00e9lev\u00e9 lui conf\u00e8re une pr\u00e9sence perceptible.<\/p>\n<p><strong>Unicit\u00e9 et utilisation :<\/strong><\/p>\n<p>La pierre brute de dumorti\u00e9rite pr\u00e9sent\u00e9e ici a \u00e9t\u00e9 taill\u00e9e d'un seul c\u00f4t\u00e9 afin d'accentuer sa beaut\u00e9 naturelle, sans \u00eatre polie. Ce caract\u00e8re naturel la rend particuli\u00e8rement attrayante pour les collectionneurs et les amateurs de min\u00e9raux. En raison de sa duret\u00e9, la dumortierite se pr\u00eate parfaitement au polissage et \u00e0 la fabrication de bijoux, ce qui la rend tr\u00e8s populaire dans l'industrie de la bijouterie et chez les artisans.<\/p>\n<p><strong>Origine :<\/strong><\/p>\n<p>Cette pi\u00e8ce sp\u00e9ciale provient du Mozambique, en Afrique, et a \u00e9t\u00e9 trouv\u00e9e en 2004. Les d\u00e9couvertes de dumortierite d'une telle qualit\u00e9 et d'un tel poids sont rares, ce qui fait de cette pi\u00e8ce un tr\u00e9sor particulier. Avec un poids de 515 g (plus d'un demi-kilo) et des dimensions de 8 x 7 x 6 cm, c'est un exemple impressionnant de ce min\u00e9ral rare.<\/p>\n<p><strong>Importance min\u00e9ralogique et g\u00e9ologique :<\/strong><\/p>\n<p>La dumortierite n'est pas seulement connue pour sa duret\u00e9 et sa couleur, mais aussi pour sa composition chimique int\u00e9ressante, qui en fait un sujet d'\u00e9tude pour les min\u00e9ralogistes et les g\u00e9ologues. La formation et la r\u00e9partition de la dumortierite sur la Terre donnent un aper\u00e7u des processus g\u00e9ologiques et des conditions n\u00e9cessaires \u00e0 la formation de certains min\u00e9raux.<\/p>\n<p><strong>Propri\u00e9t\u00e9s m\u00e9taphysiques :<\/strong><\/p>\n<p>Dans la lithoth\u00e9rapie, la dumorti\u00e9rite est appr\u00e9ci\u00e9e comme pierre de la fermet\u00e9 et de l'autodiscipline. On lui attribue des propri\u00e9t\u00e9s qui aident \u00e0 am\u00e9liorer les comp\u00e9tences organisationnelles, \u00e0 r\u00e9duire le stress et \u00e0 promouvoir la clart\u00e9 mentale.<\/p>\n<p><strong>Appartenance \u00e0 un signe astrologique :<\/strong><\/p>\n<p>Bien que la dumortierite ne soit pas associ\u00e9e \u00e0 un signe astrologique sp\u00e9cifique, les personnes qui aspirent \u00e0 la croissance spirituelle et \u00e0 la stabilit\u00e9 trouvent souvent un lien particulier avec cette pierre.<\/p>\n<p><strong>Informations techniques :<\/strong><\/p>\n<ul>\n<li>poids : 515 g<\/li>\n<li>Dimensions : 8 x 7 x 6 cm<\/li>\n<\/ul>\n<p><strong>Conclusion :<\/strong><\/p>\n<p>Cette pierre brute de dumortierite est un sp\u00e9cimen rare et pr\u00e9cieux qui int\u00e9ressera non seulement les collectionneurs et les joailliers, mais aussi ceux qui s'int\u00e9ressent aux aspects g\u00e9ologiques et m\u00e9taphysiques plus profonds du monde min\u00e9ral. Sa nature et son origine uniques en font un v\u00e9ritable joyau parmi les min\u00e9raux.<\/p>\n<\/div>\n<\/div>\n<\/div>\n<div class=\"mt-1 flex justify-start gap-3 empty:hidden\">\n<div class=\"text-gray-400 flex self-end lg:self-center justify-center lg:justify-start mt-0 -ml-1 visible\">\n<p>&nbsp;<\/p>\n<div class=\"flex items-center gap-1.5 text-xs\"><\/div>\n<div class=\"flex\"><\/div>\n<\/div>\n<\/div>\n<\/div>\n<div class=\"absolute\">\n<div class=\"flex w-full gap-2 items-center justify-center\"><\/div>\n<\/div>\n<\/div>\n<\/div>\n<\/div>\n<\/div>\n<\/div>\n<\/div>\n<\/div>\n<\/div>\n<div class=\"w-full pt-2 md:pt-0 dark:border-white\/20 md:border-transparent md:dark:border-transparent md:w-[calc(100%-.5rem)]\">\n<form class=\"stretch mx-2 flex flex-row gap-3 last:mb-2 md:mx-4 md:last:mb-6 lg:mx-auto lg:max-w-2xl xl:max-w-3xl\" action=\"\">\n<div class=\"relative flex h-full flex-1 items-stretch md:flex-col\">\n<div class=\"flex w-full items-center\"><\/div>\n<\/div>\n<input type=\"hidden\" name=\"trp-form-language\" value=\"fr\"\/><\/form>\n<\/div>","protected":false},"excerpt":{"rendered":"<p>Cette pierre brute de dumortierite est un sp\u00e9cimen exceptionnel d'un min\u00e9ral plut\u00f4t rare qui porte le nom du pal\u00e9ontologue fran\u00e7ais Eug\u00e8ne Dumortier. La dumortierite est un silicate d'aluminium et de bore qui se caract\u00e9rise par une duret\u00e9 exceptionnelle de 7 \u00e0 8 sur l'\u00e9chelle de Mohs et par son aspect tachet\u00e9 bleu fonc\u00e9 marquant. Son poids propre \u00e9lev\u00e9 lui conf\u00e8re une pr\u00e9sence perceptible.<\/p>","protected":false},"featured_media":19437,"template":"","meta":{"_acf_changed":false},"region":[62],"product_brand":[],"product_cat":[18,16],"product_tag":[],"class_list":{"0":"post-19436","1":"product","2":"type-product","3":"status-publish","4":"has-post-thumbnail","6":"region-afrika","7":"product_cat-geschliffene-einzelstucke","8":"product_cat-rohsteine","10":"first","11":"instock","12":"taxable","13":"shipping-taxable","14":"purchasable","15":"product-type-simple"},"acf":[],"_links":{"self":[{"href":"https:\/\/westgem.shop\/fr\/wp-json\/wp\/v2\/product\/19436","targetHints":{"allow":["GET"]}}],"collection":[{"href":"https:\/\/westgem.shop\/fr\/wp-json\/wp\/v2\/product"}],"about":[{"href":"https:\/\/westgem.shop\/fr\/wp-json\/wp\/v2\/types\/product"}],"wp:featuredmedia":[{"embeddable":true,"href":"https:\/\/westgem.shop\/fr\/wp-json\/wp\/v2\/media\/19437"}],"wp:attachment":[{"href":"https:\/\/westgem.shop\/fr\/wp-json\/wp\/v2\/media?parent=19436"}],"wp:term":[{"taxonomy":"region","embeddable":true,"href":"https:\/\/westgem.shop\/fr\/wp-json\/wp\/v2\/region?post=19436"},{"taxonomy":"product_brand","embeddable":true,"href":"https:\/\/westgem.shop\/fr\/wp-json\/wp\/v2\/product_brand?post=19436"},{"taxonomy":"product_cat","embeddable":true,"href":"https:\/\/westgem.shop\/fr\/wp-json\/wp\/v2\/product_cat?post=19436"},{"taxonomy":"product_tag","embeddable":true,"href":"https:\/\/westgem.shop\/fr\/wp-json\/wp\/v2\/product_tag?post=19436"}],"curies":[{"name":"wp","href":"https:\/\/api.w.org\/{rel}","templated":true}]}}