{"id":19763,"date":"2024-12-01T14:25:41","date_gmt":"2024-12-01T14:25:41","guid":{"rendered":"https:\/\/westgem.shop\/?post_type=product&#038;p=19763"},"modified":"2024-12-01T14:34:17","modified_gmt":"2024-12-01T14:34:17","slug":"tete-daigle-en-pierre-de-chrysocolle-et-de-cuivre","status":"publish","type":"product","link":"https:\/\/westgem.shop\/fr\/produit\/tete-daigle-en-pierre-de-chrysocolle-et-de-cuivre\/","title":{"rendered":"T\u00eate d'aigle majestueuse en chrysocolle\/mine de cuivre"},"content":{"rendered":"<p class=\"p1\">D\u00e9couvrez l'extraordinaire beaut\u00e9 de cette t\u00eate d'aigle magistralement sculpt\u00e9e, qui incarne la puissance et l'\u00e9l\u00e9gance du roi des airs. Cette \u0153uvre d'art unique provient des fascinantes r\u00e9gions montagneuses du P\u00e9rou, o\u00f9 la nature rec\u00e8le une impressionnante diversit\u00e9 de min\u00e9raux.<\/p>\n<p class=\"p1\"><b>Perfection min\u00e9rale et splendeur naturelle des couleurs<\/b><\/p>\n<p class=\"p1\">Cette noble t\u00eate d'aigle est compos\u00e9e d'une combinaison harmonieuse de chrysocolle de haute qualit\u00e9 et de minerai contenant du cuivre. Les tons bleus et verts intenses de la chrysocolle conf\u00e8rent \u00e0 la pi\u00e8ce un rayonnement unique, tandis que le lourd minerai de fer assure la stabilit\u00e9 et une pr\u00e9sence impressionnante. La composition min\u00e9rale fait de chaque pi\u00e8ce une pi\u00e8ce absolument unique, alliant nature et artisanat.<\/p>\n<p class=\"p1\"><b>Finition exquise<\/b><\/p>\n<p class=\"p1\">Le traitement d\u00e9taill\u00e9 montre le savoir-faire des artisans p\u00e9ruviens, qui ont parfaitement captur\u00e9 les traits majestueux de l'aigle gr\u00e2ce \u00e0 un travail manuel pr\u00e9cis. La combinaison de surfaces lisses et polies et du revers naturel non travaill\u00e9 conf\u00e8re \u00e0 cette \u0153uvre d'art une fascinante dualit\u00e9 - id\u00e9ale pour pr\u00e9senter \u00e0 la fois le travail artistique et la beaut\u00e9 brute de la pierre.<\/p>\n<p class=\"p1\"><b>Un accroche-regard pour chaque ambiance<\/b><\/p>\n<p class=\"p1\">Avec un poids de 2,6 kg et des dimensions de 17,5 x 10 x 12 cm, cette t\u00eate d'aigle est un objet de d\u00e9coration imposant qui fait une d\u00e9claration puissante dans chaque pi\u00e8ce. Que ce soit dans le salon, le bureau ou comme cadeau sp\u00e9cial pour les amoureux de la nature et les connaisseurs d'art, cette \u0153uvre apporte la beaut\u00e9 du monde min\u00e9ral p\u00e9ruvien dans votre maison.<\/p>\n<p class=\"p1\"><b>Pi\u00e8ce unique - Assurez-vous un morceau d'histoire naturelle<\/b><\/p>\n<p class=\"p1\">Chaque t\u00eate d'aigle est une pi\u00e8ce unique fabriqu\u00e9e \u00e0 la main et dot\u00e9e d'une composition min\u00e9rale incomparable. Laissez-vous envo\u00fbter par l'alliance de la beaut\u00e9 naturelle et de la finition magistrale et ajoutez cette \u0153uvre d'art impressionnante \u00e0 votre collection.<\/p>","protected":false},"excerpt":{"rendered":"<p>D\u00e9couvrez l'extraordinaire beaut\u00e9 de cette t\u00eate d'aigle magistralement sculpt\u00e9e, qui incarne la puissance et l'\u00e9l\u00e9gance du roi des airs. Cette \u0153uvre d'art unique provient des fascinantes r\u00e9gions montagneuses du P\u00e9rou, o\u00f9 la nature rec\u00e8le une impressionnante diversit\u00e9 de min\u00e9raux. Perfection min\u00e9rale et splendeur naturelle des couleurs Cette noble t\u00eate d'aigle est constitu\u00e9e d'une combinaison harmonieuse de chrysocolle de haute qualit\u00e9 et de cuivre [...].<\/p>","protected":false},"featured_media":19764,"template":"","meta":{"_acf_changed":false},"region":[60],"product_brand":[],"product_cat":[18],"product_tag":[],"class_list":{"0":"post-19763","1":"product","2":"type-product","3":"status-publish","4":"has-post-thumbnail","6":"region-suedamerika","7":"product_cat-geschliffene-einzelstucke","9":"first","10":"instock","11":"taxable","12":"shipping-taxable","13":"purchasable","14":"product-type-simple"},"acf":[],"_links":{"self":[{"href":"https:\/\/westgem.shop\/fr\/wp-json\/wp\/v2\/product\/19763","targetHints":{"allow":["GET"]}}],"collection":[{"href":"https:\/\/westgem.shop\/fr\/wp-json\/wp\/v2\/product"}],"about":[{"href":"https:\/\/westgem.shop\/fr\/wp-json\/wp\/v2\/types\/product"}],"wp:featuredmedia":[{"embeddable":true,"href":"https:\/\/westgem.shop\/fr\/wp-json\/wp\/v2\/media\/19764"}],"wp:attachment":[{"href":"https:\/\/westgem.shop\/fr\/wp-json\/wp\/v2\/media?parent=19763"}],"wp:term":[{"taxonomy":"region","embeddable":true,"href":"https:\/\/westgem.shop\/fr\/wp-json\/wp\/v2\/region?post=19763"},{"taxonomy":"product_brand","embeddable":true,"href":"https:\/\/westgem.shop\/fr\/wp-json\/wp\/v2\/product_brand?post=19763"},{"taxonomy":"product_cat","embeddable":true,"href":"https:\/\/westgem.shop\/fr\/wp-json\/wp\/v2\/product_cat?post=19763"},{"taxonomy":"product_tag","embeddable":true,"href":"https:\/\/westgem.shop\/fr\/wp-json\/wp\/v2\/product_tag?post=19763"}],"curies":[{"name":"wp","href":"https:\/\/api.w.org\/{rel}","templated":true}]}}