{"id":2131,"date":"2000-10-07T00:00:00","date_gmt":"2000-10-07T00:00:00","guid":{"rendered":"https:\/\/miners.rocks\/product\/falkenauge-tigerauge-roh\/"},"modified":"2020-05-19T16:57:22","modified_gmt":"2020-05-19T16:57:22","slug":"oeil-de-faucon-oeil-de-tigre-brut","status":"publish","type":"product","link":"https:\/\/westgem.shop\/fr\/produit\/oeil-de-faucon-oeil-de-tigre-brut\/","title":{"rendered":"\u0152il de faucon - \u0152il de tigre ROH"},"content":{"rendered":"<p>\u0152il de faucon en partie avec \u0153il de tigre. Agr\u00e9gat de quartz \u00e0 fibres fines - mati\u00e8re premi\u00e8re. L'\u0153il de faucon se forme par transformation pseudomorphe d'un min\u00e9ral d'amiante en quartz, tout en conservant la structure d'origine. Par incorporation de crocodolite = bleu-gris et par incorporation de limonite = jaune d'or. Poids de la pi\u00e8ce : 370 g Dimensions : 11 x 7 x 4 cm<\/p>","protected":false},"excerpt":{"rendered":"<p>\u0152il de faucon en partie avec \u0153il de tigre. Agr\u00e9gat de quartz \u00e0 fibres fines - mati\u00e8re premi\u00e8re. L'\u0153il de faucon se forme par transformation pseudomorphe d'un min\u00e9ral d'amiante en quartz, tout en conservant la structure d'origine. Par incorporation de crocodolite = bleu-gris et par incorporation de limonite = jaune d'or. Poids de la pi\u00e8ce : 370 g Dimensions : 11 x 7 x 4 cm<\/p>","protected":false},"featured_media":2132,"template":"","meta":{"_acf_changed":false},"region":[],"product_brand":[],"product_cat":[15],"product_tag":[],"class_list":{"0":"post-2131","1":"product","2":"type-product","3":"status-publish","4":"has-post-thumbnail","6":"product_cat-mineralien","8":"first","9":"outofstock","10":"sold-individually","11":"product-type-simple"},"acf":[],"_links":{"self":[{"href":"https:\/\/westgem.shop\/fr\/wp-json\/wp\/v2\/product\/2131","targetHints":{"allow":["GET"]}}],"collection":[{"href":"https:\/\/westgem.shop\/fr\/wp-json\/wp\/v2\/product"}],"about":[{"href":"https:\/\/westgem.shop\/fr\/wp-json\/wp\/v2\/types\/product"}],"wp:featuredmedia":[{"embeddable":true,"href":"https:\/\/westgem.shop\/fr\/wp-json\/wp\/v2\/media\/2132"}],"wp:attachment":[{"href":"https:\/\/westgem.shop\/fr\/wp-json\/wp\/v2\/media?parent=2131"}],"wp:term":[{"taxonomy":"region","embeddable":true,"href":"https:\/\/westgem.shop\/fr\/wp-json\/wp\/v2\/region?post=2131"},{"taxonomy":"product_brand","embeddable":true,"href":"https:\/\/westgem.shop\/fr\/wp-json\/wp\/v2\/product_brand?post=2131"},{"taxonomy":"product_cat","embeddable":true,"href":"https:\/\/westgem.shop\/fr\/wp-json\/wp\/v2\/product_cat?post=2131"},{"taxonomy":"product_tag","embeddable":true,"href":"https:\/\/westgem.shop\/fr\/wp-json\/wp\/v2\/product_tag?post=2131"}],"curies":[{"name":"wp","href":"https:\/\/api.w.org\/{rel}","templated":true}]}}