{"id":2134,"date":"2000-10-08T00:00:00","date_gmt":"2000-10-08T00:00:00","guid":{"rendered":"https:\/\/miners.rocks\/product\/halit-xx-steinsalz\/"},"modified":"2020-05-19T16:57:22","modified_gmt":"2020-05-19T16:57:22","slug":"halit-xx-sel-gemme","status":"publish","type":"product","link":"https:\/\/westgem.shop\/fr\/produit\/halit-xx-sel-gemme\/","title":{"rendered":"HALIT xx - STEINSALZ"},"content":{"rendered":"<p>Etage cristallin de premi\u00e8re qualit\u00e9 avec des cristaux de sel gemme HALIT blancs, cubiques et des cristaux SELENIT parfaits, de couleur orange, avec les faces terminales typiques en \"queue d'aronde\".<\/p>\n<p>L'exploitation de ces super-\u00e9tages se fait dans une mine de sel situ\u00e9e au bord de l'oc\u00e9an Pacifique, pr\u00e8s de la c\u00f4te mais \u00e0 environ 40 m\u00e8tres en dessous du niveau de la mer.<\/p>\n<p>Salinas de Paracas - Pisco - P\u00e9rou<\/p>\n<p>Poids de cette marche sup\u00e9rieure est de 410 g Dimensions : 15 x 9 x 5 cm xx \u00e0 3 cm<\/p>\n<p>La photo 2 montre la face inf\u00e9rieure de la marche avec de nombreux HALIT xx cubiques.<\/p>","protected":false},"excerpt":{"rendered":"<p>Un niveau cristallin de premi\u00e8re qualit\u00e9 avec des cristaux de sel gemme HALIT blancs, cubiques et des cristaux de SELENIT parfaits, de couleur orange, avec des faces terminales typiques en \"queue d'aronde\". L'extraction de ces super-\u00e9tages a lieu dans une mine de sel situ\u00e9e au bord de l'oc\u00e9an Pacifique, \u00e0 proximit\u00e9 de la c\u00f4te mais \u00e0 environ 40 m\u00e8tres en dessous du niveau de la mer. Salinas de Paracas - Pisco - P\u00e9rou Le poids de ce top \u00e9chelon est de 410 g Dimensions : 15 x [...].<\/p>","protected":false},"featured_media":2135,"template":"","meta":{"_acf_changed":false},"region":[],"product_brand":[],"product_cat":[15],"product_tag":[],"class_list":{"0":"post-2134","1":"product","2":"type-product","3":"status-publish","4":"has-post-thumbnail","6":"product_cat-mineralien","8":"first","9":"outofstock","10":"sold-individually","11":"product-type-simple"},"acf":[],"_links":{"self":[{"href":"https:\/\/westgem.shop\/fr\/wp-json\/wp\/v2\/product\/2134","targetHints":{"allow":["GET"]}}],"collection":[{"href":"https:\/\/westgem.shop\/fr\/wp-json\/wp\/v2\/product"}],"about":[{"href":"https:\/\/westgem.shop\/fr\/wp-json\/wp\/v2\/types\/product"}],"wp:featuredmedia":[{"embeddable":true,"href":"https:\/\/westgem.shop\/fr\/wp-json\/wp\/v2\/media\/2135"}],"wp:attachment":[{"href":"https:\/\/westgem.shop\/fr\/wp-json\/wp\/v2\/media?parent=2134"}],"wp:term":[{"taxonomy":"region","embeddable":true,"href":"https:\/\/westgem.shop\/fr\/wp-json\/wp\/v2\/region?post=2134"},{"taxonomy":"product_brand","embeddable":true,"href":"https:\/\/westgem.shop\/fr\/wp-json\/wp\/v2\/product_brand?post=2134"},{"taxonomy":"product_cat","embeddable":true,"href":"https:\/\/westgem.shop\/fr\/wp-json\/wp\/v2\/product_cat?post=2134"},{"taxonomy":"product_tag","embeddable":true,"href":"https:\/\/westgem.shop\/fr\/wp-json\/wp\/v2\/product_tag?post=2134"}],"curies":[{"name":"wp","href":"https:\/\/api.w.org\/{rel}","templated":true}]}}