{"id":2139,"date":"2000-10-09T00:00:00","date_gmt":"2000-10-09T00:00:00","guid":{"rendered":"https:\/\/miners.rocks\/product\/lapislazuli-herz-poliert\/"},"modified":"2020-05-19T16:57:22","modified_gmt":"2020-05-19T16:57:22","slug":"coeur-de-lapis-lazuli-poli","status":"publish","type":"product","link":"https:\/\/westgem.shop\/fr\/produit\/coeur-de-lapis-lazuli-poli\/","title":{"rendered":"LAPISLAZULI c\u0153ur poli"},"content":{"rendered":"<p>Tr\u00e8s beau c\u0153ur, taill\u00e9 en LAPISLAZULI .couleur naturelle !<\/p>\n<p>La mati\u00e8re premi\u00e8re de premi\u00e8re qualit\u00e9 provient des mines de MADAAN - AFGHANISTAN.<\/p>\n<p>Poids : 36 g Dimensions : 4 x 4 x 1,3 cm<\/p>","protected":false},"excerpt":{"rendered":"<p>Tr\u00e8s beau c\u0153ur, taill\u00e9 en LAPISLAZULI .couleur naturelle ! Cette mati\u00e8re premi\u00e8re de premi\u00e8re qualit\u00e9 provient des mines de MADAAN - AFGHANISTAN. Poids : 36 g Dimensions : 4 x 4 x 1,3 cm<\/p>","protected":false},"featured_media":2140,"template":"","meta":{"_acf_changed":false},"region":[],"product_brand":[],"product_cat":[15],"product_tag":[],"class_list":{"0":"post-2139","1":"product","2":"type-product","3":"status-publish","4":"has-post-thumbnail","6":"product_cat-mineralien","8":"first","9":"outofstock","10":"sold-individually","11":"product-type-simple"},"acf":[],"_links":{"self":[{"href":"https:\/\/westgem.shop\/fr\/wp-json\/wp\/v2\/product\/2139","targetHints":{"allow":["GET"]}}],"collection":[{"href":"https:\/\/westgem.shop\/fr\/wp-json\/wp\/v2\/product"}],"about":[{"href":"https:\/\/westgem.shop\/fr\/wp-json\/wp\/v2\/types\/product"}],"wp:featuredmedia":[{"embeddable":true,"href":"https:\/\/westgem.shop\/fr\/wp-json\/wp\/v2\/media\/2140"}],"wp:attachment":[{"href":"https:\/\/westgem.shop\/fr\/wp-json\/wp\/v2\/media?parent=2139"}],"wp:term":[{"taxonomy":"region","embeddable":true,"href":"https:\/\/westgem.shop\/fr\/wp-json\/wp\/v2\/region?post=2139"},{"taxonomy":"product_brand","embeddable":true,"href":"https:\/\/westgem.shop\/fr\/wp-json\/wp\/v2\/product_brand?post=2139"},{"taxonomy":"product_cat","embeddable":true,"href":"https:\/\/westgem.shop\/fr\/wp-json\/wp\/v2\/product_cat?post=2139"},{"taxonomy":"product_tag","embeddable":true,"href":"https:\/\/westgem.shop\/fr\/wp-json\/wp\/v2\/product_tag?post=2139"}],"curies":[{"name":"wp","href":"https:\/\/api.w.org\/{rel}","templated":true}]}}