{"id":2142,"date":"2000-10-10T00:00:00","date_gmt":"2000-10-10T00:00:00","guid":{"rendered":"https:\/\/miners.rocks\/product\/lapislazuli-aa\/"},"modified":"2020-05-19T16:57:23","modified_gmt":"2020-05-19T16:57:23","slug":"lapis-lazuli-aa","status":"publish","type":"product","link":"https:\/\/westgem.shop\/fr\/produit\/lapis-lazuli-aa\/","title":{"rendered":"LAPISLAZULI AA"},"content":{"rendered":"<p>AA LAPISLAZULI coeur - taill\u00e9 et poli<\/p>\n<p>Le lieu de d\u00e9couverte de la mati\u00e8re premi\u00e8re est Sar e Sang, dans le nord de l'Afghanistan, \u00e0 4.ooo m d'altitude.<\/p>\n<p>Poids 36 g Dimensions:4 x 4 cm<\/p>\n<p>Contenu de la livraison : coffret de d\u00e9coration et description de la pierre.<\/p>","protected":false},"excerpt":{"rendered":"<p>AA LAPISLAZULI coeur - taill\u00e9 et poli Le lieu de d\u00e9couverte de la mati\u00e8re premi\u00e8re est Sar e Sang dans le nord de l'Afghanistan \u00e0 4.ooo m d'altitude. Poids 36 g Dimensions : 4 x 4 cm Contenu de la livraison : coffret de bijoux et description de la pierre.<\/p>","protected":false},"featured_media":2143,"template":"","meta":{"_acf_changed":false},"region":[],"product_brand":[],"product_cat":[15],"product_tag":[],"class_list":{"0":"post-2142","1":"product","2":"type-product","3":"status-publish","4":"has-post-thumbnail","6":"product_cat-mineralien","8":"first","9":"outofstock","10":"sold-individually","11":"product-type-simple"},"acf":[],"_links":{"self":[{"href":"https:\/\/westgem.shop\/fr\/wp-json\/wp\/v2\/product\/2142","targetHints":{"allow":["GET"]}}],"collection":[{"href":"https:\/\/westgem.shop\/fr\/wp-json\/wp\/v2\/product"}],"about":[{"href":"https:\/\/westgem.shop\/fr\/wp-json\/wp\/v2\/types\/product"}],"wp:featuredmedia":[{"embeddable":true,"href":"https:\/\/westgem.shop\/fr\/wp-json\/wp\/v2\/media\/2143"}],"wp:attachment":[{"href":"https:\/\/westgem.shop\/fr\/wp-json\/wp\/v2\/media?parent=2142"}],"wp:term":[{"taxonomy":"region","embeddable":true,"href":"https:\/\/westgem.shop\/fr\/wp-json\/wp\/v2\/region?post=2142"},{"taxonomy":"product_brand","embeddable":true,"href":"https:\/\/westgem.shop\/fr\/wp-json\/wp\/v2\/product_brand?post=2142"},{"taxonomy":"product_cat","embeddable":true,"href":"https:\/\/westgem.shop\/fr\/wp-json\/wp\/v2\/product_cat?post=2142"},{"taxonomy":"product_tag","embeddable":true,"href":"https:\/\/westgem.shop\/fr\/wp-json\/wp\/v2\/product_tag?post=2142"}],"curies":[{"name":"wp","href":"https:\/\/api.w.org\/{rel}","templated":true}]}}