{"id":2144,"date":"2000-10-11T00:00:00","date_gmt":"2000-10-11T00:00:00","guid":{"rendered":"https:\/\/miners.rocks\/product\/lapislazuli-naturfarbe\/"},"modified":"2020-05-19T16:57:23","modified_gmt":"2020-05-19T16:57:23","slug":"lapis-lazuli-couleur-naturelle","status":"publish","type":"product","link":"https:\/\/westgem.shop\/fr\/produit\/lapis-lazuli-couleur-naturelle\/","title":{"rendered":"LAPISLAZULI couleur naturelle !"},"content":{"rendered":"<p>Un super cadeau de \"remerciement\" qui restera toujours dans les m\u00e9moires.<\/p>\n<p>C\u0153ur taill\u00e9 \u00e0 la main \u00e0 partir d'une fine mati\u00e8re premi\u00e8re naturelle provenant des mines mondialement connues du nord de l'Afghanistan.<\/p>\n<p>Poids : 36 g Dimensions : 4 x 4 x cm<\/p>\n<p>Avec \u00e9tui cadeau et description des min\u00e9raux.<\/p>","protected":false},"excerpt":{"rendered":"<p>Un super cadeau de remerciement qui restera toujours dans les m\u00e9moires. C\u0153ur taill\u00e9 \u00e0 la main dans une mati\u00e8re premi\u00e8re naturelle provenant des mines mondialement connues du nord de l'Afghanistan. Poids : 36 g Dimensions : 4 x 4 x cm Avec \u00e9tui cadeau et description des min\u00e9raux.<\/p>","protected":false},"featured_media":2145,"template":"","meta":{"_acf_changed":false},"region":[],"product_brand":[],"product_cat":[15],"product_tag":[],"class_list":{"0":"post-2144","1":"product","2":"type-product","3":"status-publish","4":"has-post-thumbnail","6":"product_cat-mineralien","8":"first","9":"outofstock","10":"sold-individually","11":"product-type-simple"},"acf":[],"_links":{"self":[{"href":"https:\/\/westgem.shop\/fr\/wp-json\/wp\/v2\/product\/2144","targetHints":{"allow":["GET"]}}],"collection":[{"href":"https:\/\/westgem.shop\/fr\/wp-json\/wp\/v2\/product"}],"about":[{"href":"https:\/\/westgem.shop\/fr\/wp-json\/wp\/v2\/types\/product"}],"wp:featuredmedia":[{"embeddable":true,"href":"https:\/\/westgem.shop\/fr\/wp-json\/wp\/v2\/media\/2145"}],"wp:attachment":[{"href":"https:\/\/westgem.shop\/fr\/wp-json\/wp\/v2\/media?parent=2144"}],"wp:term":[{"taxonomy":"region","embeddable":true,"href":"https:\/\/westgem.shop\/fr\/wp-json\/wp\/v2\/region?post=2144"},{"taxonomy":"product_brand","embeddable":true,"href":"https:\/\/westgem.shop\/fr\/wp-json\/wp\/v2\/product_brand?post=2144"},{"taxonomy":"product_cat","embeddable":true,"href":"https:\/\/westgem.shop\/fr\/wp-json\/wp\/v2\/product_cat?post=2144"},{"taxonomy":"product_tag","embeddable":true,"href":"https:\/\/westgem.shop\/fr\/wp-json\/wp\/v2\/product_tag?post=2144"}],"curies":[{"name":"wp","href":"https:\/\/api.w.org\/{rel}","templated":true}]}}