{"id":2146,"date":"2000-10-12T00:00:00","date_gmt":"2000-10-12T00:00:00","guid":{"rendered":"https:\/\/miners.rocks\/product\/versteinertes-holz-1-a-poliert\/"},"modified":"2020-05-19T16:57:23","modified_gmt":"2020-05-19T16:57:23","slug":"bois-petrifie-1-a-poli","status":"publish","type":"product","link":"https:\/\/westgem.shop\/fr\/produit\/bois-petrifie-1-a-poli\/","title":{"rendered":"BOIS p\u00e9trifi\u00e9 - 1 A poli"},"content":{"rendered":"<p>\n\tMagnifique pi\u00e8ce tr\u00e8s d\u00e9corative qui attire l'attention dans chaque salon ou bureau.<\/p>\n<p>\n\tLes teintes rouge\u00e2tres et jaunes sont relativement rares dans les bois p\u00e9trifi\u00e9s ; les bois p\u00e9trifi\u00e9s les plus souvent propos\u00e9s sont gris-blancs, brun\u00e2tres ou noirs.<\/p>\n<p>\n\tBois d'araucaria de Madagascar - fossilis\u00e9 d'environ 100 millions d'ann\u00e9es .<\/p>\n<p>\n\tPoids : 2,4 kilogrammes Dimensions : 14 x 14 x 9 cm<\/p>\n<p>\n\tPonc\u00e9 avec un polissage de premi\u00e8re qualit\u00e9-<\/p>\n<p>\n\tLa mati\u00e8re premi\u00e8re se trouve dans la vall\u00e9e de Manando \u00e0 Madagascar.<\/p>\n<p>\n\tLa photo 3 est la face arri\u00e8re avec l'\u00e9corce naturelle du tronc La photo 4 est la surface de pose<\/p>","protected":false},"excerpt":{"rendered":"<p>Une pi\u00e8ce magnifique, tr\u00e8s d\u00e9corative, qui attire l'attention dans un salon ou un bureau. Les teintes rouge\u00e2tres et jaunes sont relativement rares dans les bois p\u00e9trifi\u00e9s, la plupart des bois p\u00e9trifi\u00e9s propos\u00e9s sont gris-blancs, brun\u00e2tres ou noirs. Bois d'araucaria de Madagascar - fossilis\u00e9 d'environ 100 millions d'ann\u00e9es. Poids : 2,4 kilogrammes Dimensions : 14 x 14 x 9 cm Ponc\u00e9 avec de l'huile d'olive de premi\u00e8re qualit\u00e9.<\/p>","protected":false},"featured_media":2147,"template":"","meta":{"_acf_changed":false},"region":[],"product_brand":[],"product_cat":[15],"product_tag":[],"class_list":{"0":"post-2146","1":"product","2":"type-product","3":"status-publish","4":"has-post-thumbnail","6":"product_cat-mineralien","8":"first","9":"outofstock","10":"sold-individually","11":"product-type-simple"},"acf":[],"_links":{"self":[{"href":"https:\/\/westgem.shop\/fr\/wp-json\/wp\/v2\/product\/2146","targetHints":{"allow":["GET"]}}],"collection":[{"href":"https:\/\/westgem.shop\/fr\/wp-json\/wp\/v2\/product"}],"about":[{"href":"https:\/\/westgem.shop\/fr\/wp-json\/wp\/v2\/types\/product"}],"wp:featuredmedia":[{"embeddable":true,"href":"https:\/\/westgem.shop\/fr\/wp-json\/wp\/v2\/media\/2147"}],"wp:attachment":[{"href":"https:\/\/westgem.shop\/fr\/wp-json\/wp\/v2\/media?parent=2146"}],"wp:term":[{"taxonomy":"region","embeddable":true,"href":"https:\/\/westgem.shop\/fr\/wp-json\/wp\/v2\/region?post=2146"},{"taxonomy":"product_brand","embeddable":true,"href":"https:\/\/westgem.shop\/fr\/wp-json\/wp\/v2\/product_brand?post=2146"},{"taxonomy":"product_cat","embeddable":true,"href":"https:\/\/westgem.shop\/fr\/wp-json\/wp\/v2\/product_cat?post=2146"},{"taxonomy":"product_tag","embeddable":true,"href":"https:\/\/westgem.shop\/fr\/wp-json\/wp\/v2\/product_tag?post=2146"}],"curies":[{"name":"wp","href":"https:\/\/api.w.org\/{rel}","templated":true}]}}