{"id":2151,"date":"2000-10-13T00:00:00","date_gmt":"2000-10-13T00:00:00","guid":{"rendered":"https:\/\/miners.rocks\/product\/versteinertes-holz-100-millionen-jahre-alt\/"},"modified":"2020-05-19T16:57:23","modified_gmt":"2020-05-19T16:57:23","slug":"du-bois-petrifie-vieux-de-100-millions-dannees","status":"publish","type":"product","link":"https:\/\/westgem.shop\/fr\/produit\/du-bois-petrifie-vieux-de-100-millions-dannees\/","title":{"rendered":"Le bois p\u00e9trifi\u00e9 - vieux de 100 millions d'ann\u00e9es"},"content":{"rendered":"<p>Pour la description, voir l'art. VH - 017 - Merci !<\/p>\n<p>Cette pi\u00e8ce p\u00e8se : 1,1 kilogramme Dimensions : 13 x 9 x 7 cm<\/p>","protected":false},"excerpt":{"rendered":"<p>Pour la description, voir l'art. VH - 017 - Merci ! Cette pi\u00e8ce p\u00e8se : 1,1 kilogramme Dimensions : 13 x 9 x 7 cm<\/p>","protected":false},"featured_media":2152,"template":"","meta":{"_acf_changed":false},"region":[],"product_brand":[],"product_cat":[15],"product_tag":[],"class_list":{"0":"post-2151","1":"product","2":"type-product","3":"status-publish","4":"has-post-thumbnail","6":"product_cat-mineralien","8":"first","9":"outofstock","10":"sold-individually","11":"product-type-simple"},"acf":[],"_links":{"self":[{"href":"https:\/\/westgem.shop\/fr\/wp-json\/wp\/v2\/product\/2151","targetHints":{"allow":["GET"]}}],"collection":[{"href":"https:\/\/westgem.shop\/fr\/wp-json\/wp\/v2\/product"}],"about":[{"href":"https:\/\/westgem.shop\/fr\/wp-json\/wp\/v2\/types\/product"}],"wp:featuredmedia":[{"embeddable":true,"href":"https:\/\/westgem.shop\/fr\/wp-json\/wp\/v2\/media\/2152"}],"wp:attachment":[{"href":"https:\/\/westgem.shop\/fr\/wp-json\/wp\/v2\/media?parent=2151"}],"wp:term":[{"taxonomy":"region","embeddable":true,"href":"https:\/\/westgem.shop\/fr\/wp-json\/wp\/v2\/region?post=2151"},{"taxonomy":"product_brand","embeddable":true,"href":"https:\/\/westgem.shop\/fr\/wp-json\/wp\/v2\/product_brand?post=2151"},{"taxonomy":"product_cat","embeddable":true,"href":"https:\/\/westgem.shop\/fr\/wp-json\/wp\/v2\/product_cat?post=2151"},{"taxonomy":"product_tag","embeddable":true,"href":"https:\/\/westgem.shop\/fr\/wp-json\/wp\/v2\/product_tag?post=2151"}],"curies":[{"name":"wp","href":"https:\/\/api.w.org\/{rel}","templated":true}]}}