{"id":2154,"date":"2000-10-14T00:00:00","date_gmt":"2000-10-14T00:00:00","guid":{"rendered":"https:\/\/miners.rocks\/product\/tigereisen-aa-suedafrika\/"},"modified":"2020-05-19T16:57:24","modified_gmt":"2020-05-19T16:57:24","slug":"voyage-tigre-aa-afrique-du-sud","status":"publish","type":"product","link":"https:\/\/westgem.shop\/fr\/produit\/voyage-tigre-aa-afrique-du-sud\/","title":{"rendered":"Voyage Tigre AA - AFRIQUE DU SUD"},"content":{"rendered":"<p>Grandes \"pierres de main\" ventrues - taill\u00e9es et polies de premi\u00e8re qualit\u00e9. \u00c9galement tr\u00e8s d\u00e9coratives comme presse-papiers pour un bureau !<\/p>\n<p>Le fer tigr\u00e9 est un m\u00e9lange de min\u00e9raux avec des proportions variables de jaspe brun rouge\u00e2tre - des couches de magn\u00e9tite aux reflets m\u00e9talliques et des veines d'\u0153il de tigre aux reflets dor\u00e9s.<\/p>\n<p>La mati\u00e8re premi\u00e8re se trouve dans la mine de fer Bandet \u00e0 Griqualand - Afrique du Sud.<\/p>\n<p>Poids : 320 g Dimensions : 8 x 6,5 x 3,5 cm<\/p>","protected":false},"excerpt":{"rendered":"<p>Grandes \"pierres de main\" ventrues - taill\u00e9es et polies de premi\u00e8re qualit\u00e9. \u00c9galement tr\u00e8s d\u00e9coratives comme presse-papiers pour un bureau ! Le fer du tigre est un m\u00e9lange de min\u00e9raux avec des proportions variables de jaspe brun rouge\u00e2tre, de couches de magn\u00e9tite aux reflets m\u00e9talliques et de veines d'\u0153il de tigre aux reflets dor\u00e9s. La mati\u00e8re premi\u00e8re se trouve dans la mine de fer Bandet \u00e0 Griqualand - Afrique du Sud Poids : 320 g [...].<\/p>","protected":false},"featured_media":2155,"template":"","meta":{"_acf_changed":false},"region":[],"product_brand":[],"product_cat":[15],"product_tag":[],"class_list":{"0":"post-2154","1":"product","2":"type-product","3":"status-publish","4":"has-post-thumbnail","6":"product_cat-mineralien","8":"first","9":"outofstock","10":"sold-individually","11":"product-type-simple"},"acf":[],"_links":{"self":[{"href":"https:\/\/westgem.shop\/fr\/wp-json\/wp\/v2\/product\/2154","targetHints":{"allow":["GET"]}}],"collection":[{"href":"https:\/\/westgem.shop\/fr\/wp-json\/wp\/v2\/product"}],"about":[{"href":"https:\/\/westgem.shop\/fr\/wp-json\/wp\/v2\/types\/product"}],"wp:featuredmedia":[{"embeddable":true,"href":"https:\/\/westgem.shop\/fr\/wp-json\/wp\/v2\/media\/2155"}],"wp:attachment":[{"href":"https:\/\/westgem.shop\/fr\/wp-json\/wp\/v2\/media?parent=2154"}],"wp:term":[{"taxonomy":"region","embeddable":true,"href":"https:\/\/westgem.shop\/fr\/wp-json\/wp\/v2\/region?post=2154"},{"taxonomy":"product_brand","embeddable":true,"href":"https:\/\/westgem.shop\/fr\/wp-json\/wp\/v2\/product_brand?post=2154"},{"taxonomy":"product_cat","embeddable":true,"href":"https:\/\/westgem.shop\/fr\/wp-json\/wp\/v2\/product_cat?post=2154"},{"taxonomy":"product_tag","embeddable":true,"href":"https:\/\/westgem.shop\/fr\/wp-json\/wp\/v2\/product_tag?post=2154"}],"curies":[{"name":"wp","href":"https:\/\/api.w.org\/{rel}","templated":true}]}}