{"id":2174,"date":"2000-10-20T00:00:00","date_gmt":"2000-10-20T00:00:00","guid":{"rendered":"https:\/\/miners.rocks\/product\/malachit-aa-poliert\/"},"modified":"2020-05-19T16:57:27","modified_gmt":"2020-05-19T16:57:27","slug":"malachite-aa-polie-5","status":"publish","type":"product","link":"https:\/\/westgem.shop\/fr\/produit\/malachite-aa-polie-5\/","title":{"rendered":"Malachite AA - polie"},"content":{"rendered":"<p>C'est du Congo que proviennent actuellement les meilleures malachites dignes d'\u00eatre taill\u00e9es.<\/p>\n<p>SHABA - Congo est le lieu de d\u00e9couverte de la mati\u00e8re premi\u00e8re. Cette pi\u00e8ce est polie en surface .<\/p>\n<p>Poids : 406 g Dimensions : 9 x 6 x 4 cm<\/p>","protected":false},"excerpt":{"rendered":"<p>C'est du Congo que proviennent actuellement les meilleures malachites dignes d'\u00eatre taill\u00e9es :. SHABA - Congo est le lieu de d\u00e9couverte de la mati\u00e8re premi\u00e8re. Cette pi\u00e8ce est polie en surface. Poids : 406 g Dimensions : 9 x 6 x 4 cm<\/p>","protected":false},"featured_media":2175,"template":"","meta":{"_acf_changed":false},"region":[],"product_brand":[],"product_cat":[15],"product_tag":[],"class_list":{"0":"post-2174","1":"product","2":"type-product","3":"status-publish","4":"has-post-thumbnail","6":"product_cat-mineralien","8":"first","9":"outofstock","10":"sold-individually","11":"product-type-simple"},"acf":[],"_links":{"self":[{"href":"https:\/\/westgem.shop\/fr\/wp-json\/wp\/v2\/product\/2174","targetHints":{"allow":["GET"]}}],"collection":[{"href":"https:\/\/westgem.shop\/fr\/wp-json\/wp\/v2\/product"}],"about":[{"href":"https:\/\/westgem.shop\/fr\/wp-json\/wp\/v2\/types\/product"}],"wp:featuredmedia":[{"embeddable":true,"href":"https:\/\/westgem.shop\/fr\/wp-json\/wp\/v2\/media\/2175"}],"wp:attachment":[{"href":"https:\/\/westgem.shop\/fr\/wp-json\/wp\/v2\/media?parent=2174"}],"wp:term":[{"taxonomy":"region","embeddable":true,"href":"https:\/\/westgem.shop\/fr\/wp-json\/wp\/v2\/region?post=2174"},{"taxonomy":"product_brand","embeddable":true,"href":"https:\/\/westgem.shop\/fr\/wp-json\/wp\/v2\/product_brand?post=2174"},{"taxonomy":"product_cat","embeddable":true,"href":"https:\/\/westgem.shop\/fr\/wp-json\/wp\/v2\/product_cat?post=2174"},{"taxonomy":"product_tag","embeddable":true,"href":"https:\/\/westgem.shop\/fr\/wp-json\/wp\/v2\/product_tag?post=2174"}],"curies":[{"name":"wp","href":"https:\/\/api.w.org\/{rel}","templated":true}]}}