{"id":2181,"date":"2000-10-22T00:00:00","date_gmt":"2000-10-22T00:00:00","guid":{"rendered":"https:\/\/miners.rocks\/product\/hochalpin-adular-xx\/"},"modified":"2020-05-19T16:57:27","modified_gmt":"2020-05-19T16:57:27","slug":"haute-montagne-adular-xx","status":"publish","type":"product","link":"https:\/\/westgem.shop\/fr\/produit\/haute-montagne-adular-xx\/","title":{"rendered":"HOCHALPIN ADULAR xx"},"content":{"rendered":"<p>Tr\u00e8s grand niveau ADULAR - cristaux partiellement recouverts de CHLORITE.<\/p>\n<p>localisation de la trouvaille : Mur de Cristal ( plus de 3.000 m\u00e8tres d'altitude)<\/p>\n<p>R\u00e9gion du Grossvenediger - TIROL ORIENTAL<\/p>\n<p>poids : 2,4 kilogrammes<\/p>\n<p><u>PRIX SPECIAL !<\/u><\/p>\n<p>Dimensions : 19 x 19 x 10 cm ADULTE xx jusqu'\u00e0 10 cm !<\/p>","protected":false},"excerpt":{"rendered":"<p>Tr\u00e8s grand niveau ADULAR - cristaux partiellement recouverts de CHLORITE. Lieu de d\u00e9couverte : Kristallwand ( plus de 3.000 m\u00e8tres d'altitude) r\u00e9gion du Grossvenediger - TIROL EST Poids : 2,4 kilogrammes PRIX SPECIAL ! Dimensions : 19 x 19 x 10 cm ADULTE xx jusqu'\u00e0 10 cm !<\/p>","protected":false},"featured_media":2182,"template":"","meta":{"_acf_changed":false},"region":[],"product_brand":[],"product_cat":[15],"product_tag":[],"class_list":{"0":"post-2181","1":"product","2":"type-product","3":"status-publish","4":"has-post-thumbnail","6":"product_cat-mineralien","8":"first","9":"outofstock","10":"sold-individually","11":"product-type-simple"},"acf":[],"_links":{"self":[{"href":"https:\/\/westgem.shop\/fr\/wp-json\/wp\/v2\/product\/2181","targetHints":{"allow":["GET"]}}],"collection":[{"href":"https:\/\/westgem.shop\/fr\/wp-json\/wp\/v2\/product"}],"about":[{"href":"https:\/\/westgem.shop\/fr\/wp-json\/wp\/v2\/types\/product"}],"wp:featuredmedia":[{"embeddable":true,"href":"https:\/\/westgem.shop\/fr\/wp-json\/wp\/v2\/media\/2182"}],"wp:attachment":[{"href":"https:\/\/westgem.shop\/fr\/wp-json\/wp\/v2\/media?parent=2181"}],"wp:term":[{"taxonomy":"region","embeddable":true,"href":"https:\/\/westgem.shop\/fr\/wp-json\/wp\/v2\/region?post=2181"},{"taxonomy":"product_brand","embeddable":true,"href":"https:\/\/westgem.shop\/fr\/wp-json\/wp\/v2\/product_brand?post=2181"},{"taxonomy":"product_cat","embeddable":true,"href":"https:\/\/westgem.shop\/fr\/wp-json\/wp\/v2\/product_cat?post=2181"},{"taxonomy":"product_tag","embeddable":true,"href":"https:\/\/westgem.shop\/fr\/wp-json\/wp\/v2\/product_tag?post=2181"}],"curies":[{"name":"wp","href":"https:\/\/api.w.org\/{rel}","templated":true}]}}