{"id":2190,"date":"2000-10-24T00:00:00","date_gmt":"2000-10-24T00:00:00","guid":{"rendered":"https:\/\/miners.rocks\/product\/roter-bergkristall\/"},"modified":"2020-05-19T16:57:28","modified_gmt":"2020-05-19T16:57:28","slug":"cristal-de-roche-rouge","status":"publish","type":"product","link":"https:\/\/westgem.shop\/fr\/produit\/cristal-de-roche-rouge\/","title":{"rendered":"CRISTAL DE MONTAGNE rouge"},"content":{"rendered":"<p>\n\tUn niveau sensationnel<\/p>\n<p>\n\tQUARZ xx color\u00e9 en ROUGE intense par l'oxyde de fer H\u00c9MATITE et GOETHITE<\/p>\n<p>\n\tRaret\u00e9 de la rivi\u00e8re Orange en AFRIQUE DU SUD<\/p>\n<p>\n\tPoids : 530 g Dimensions : 13 x 9 x 7 cm<\/p>","protected":false},"excerpt":{"rendered":"<p>Niveau sensationnel QUARTZ xx color\u00e9 en ROUGE intense par l'oxyde de fer H\u00c9MATITE et GOETHITE Raret\u00e9 de la rivi\u00e8re Orange en AFRIQUE DU SUD Poids : 530 g Dimensions : 13 x 9 x 7 cm<\/p>","protected":false},"featured_media":2191,"template":"","meta":{"_acf_changed":false},"region":[],"product_brand":[],"product_cat":[15],"product_tag":[],"class_list":{"0":"post-2190","1":"product","2":"type-product","3":"status-publish","4":"has-post-thumbnail","6":"product_cat-mineralien","8":"first","9":"outofstock","10":"sold-individually","11":"product-type-simple"},"acf":[],"_links":{"self":[{"href":"https:\/\/westgem.shop\/fr\/wp-json\/wp\/v2\/product\/2190","targetHints":{"allow":["GET"]}}],"collection":[{"href":"https:\/\/westgem.shop\/fr\/wp-json\/wp\/v2\/product"}],"about":[{"href":"https:\/\/westgem.shop\/fr\/wp-json\/wp\/v2\/types\/product"}],"wp:featuredmedia":[{"embeddable":true,"href":"https:\/\/westgem.shop\/fr\/wp-json\/wp\/v2\/media\/2191"}],"wp:attachment":[{"href":"https:\/\/westgem.shop\/fr\/wp-json\/wp\/v2\/media?parent=2190"}],"wp:term":[{"taxonomy":"region","embeddable":true,"href":"https:\/\/westgem.shop\/fr\/wp-json\/wp\/v2\/region?post=2190"},{"taxonomy":"product_brand","embeddable":true,"href":"https:\/\/westgem.shop\/fr\/wp-json\/wp\/v2\/product_brand?post=2190"},{"taxonomy":"product_cat","embeddable":true,"href":"https:\/\/westgem.shop\/fr\/wp-json\/wp\/v2\/product_cat?post=2190"},{"taxonomy":"product_tag","embeddable":true,"href":"https:\/\/westgem.shop\/fr\/wp-json\/wp\/v2\/product_tag?post=2190"}],"curies":[{"name":"wp","href":"https:\/\/api.w.org\/{rel}","templated":true}]}}