{"id":2194,"date":"2000-10-25T00:00:00","date_gmt":"2000-10-25T00:00:00","guid":{"rendered":"https:\/\/miners.rocks\/product\/eisenkiesel-bergkristall-xx\/"},"modified":"2020-05-19T16:57:28","modified_gmt":"2020-05-19T16:57:28","slug":"galet-de-fer-cristal-de-roche-xx","status":"publish","type":"product","link":"https:\/\/westgem.shop\/fr\/produit\/galet-de-fer-cristal-de-roche-xx\/","title":{"rendered":"\" EISENKIEL\" CRISTAL DE MONTAGNE xx"},"content":{"rendered":"<p>Les cristaux de roche sont souvent blancs ou incolores, selon les min\u00e9raux qui les accompagnent dans les fissures.<\/p>\n<p>Dans les fissures alpines, la CHLORITE est tr\u00e8s souvent pr\u00e9sente, c'est pourquoi les cristaux de roche ou les ADULAR fra\u00eechement extraits sont recouverts d'une couche verte - qui est ensuite g\u00e9n\u00e9ralement \u00e9limin\u00e9e lors du nettoyage des marches \u00e0 l'acide chlorhydrique - afin d'obtenir la couleur blanche attendue par les clients.<\/p>\n<p>Dans ce cas, la couleur ROUGE est justement due au min\u00e9ral de fer GOETHIT.<\/p>\n<p>Poids : 290 g Dimensions : Dimensions:12 x 8 x 5 cm<\/p>","protected":false},"excerpt":{"rendered":"<p>Les cristaux de roche sont souvent, selon les min\u00e9raux associ\u00e9s dans les fissures, d'une autre couleur que celle connue, blanche - incolore. Dans les fissures alpines, il y a tr\u00e8s souvent de la CHLORITE, c'est pourquoi les cristaux de roche ou les ADULAR fra\u00eechement extraits sont recouverts d'une couche verte - qui est ensuite g\u00e9n\u00e9ralement enlev\u00e9e lors du nettoyage des marches avec de l'acide chlorhydrique - afin d'\u00e9viter les [...].<\/p>","protected":false},"featured_media":2195,"template":"","meta":{"_acf_changed":false},"region":[],"product_brand":[],"product_cat":[15],"product_tag":[],"class_list":{"0":"post-2194","1":"product","2":"type-product","3":"status-publish","4":"has-post-thumbnail","6":"product_cat-mineralien","8":"first","9":"outofstock","10":"sold-individually","11":"product-type-simple"},"acf":[],"_links":{"self":[{"href":"https:\/\/westgem.shop\/fr\/wp-json\/wp\/v2\/product\/2194","targetHints":{"allow":["GET"]}}],"collection":[{"href":"https:\/\/westgem.shop\/fr\/wp-json\/wp\/v2\/product"}],"about":[{"href":"https:\/\/westgem.shop\/fr\/wp-json\/wp\/v2\/types\/product"}],"wp:featuredmedia":[{"embeddable":true,"href":"https:\/\/westgem.shop\/fr\/wp-json\/wp\/v2\/media\/2195"}],"wp:attachment":[{"href":"https:\/\/westgem.shop\/fr\/wp-json\/wp\/v2\/media?parent=2194"}],"wp:term":[{"taxonomy":"region","embeddable":true,"href":"https:\/\/westgem.shop\/fr\/wp-json\/wp\/v2\/region?post=2194"},{"taxonomy":"product_brand","embeddable":true,"href":"https:\/\/westgem.shop\/fr\/wp-json\/wp\/v2\/product_brand?post=2194"},{"taxonomy":"product_cat","embeddable":true,"href":"https:\/\/westgem.shop\/fr\/wp-json\/wp\/v2\/product_cat?post=2194"},{"taxonomy":"product_tag","embeddable":true,"href":"https:\/\/westgem.shop\/fr\/wp-json\/wp\/v2\/product_tag?post=2194"}],"curies":[{"name":"wp","href":"https:\/\/api.w.org\/{rel}","templated":true}]}}