{"id":2198,"date":"2000-10-26T00:00:00","date_gmt":"2000-10-26T00:00:00","guid":{"rendered":"https:\/\/miners.rocks\/product\/bergkristall-xx-einmal-ganz-anders\/"},"modified":"2020-05-19T16:57:29","modified_gmt":"2020-05-19T16:57:29","slug":"cristal-de-roche-xx-pour-une-fois-tout-a-fait-different","status":"publish","type":"product","link":"https:\/\/westgem.shop\/fr\/produit\/cristal-de-roche-xx-pour-une-fois-tout-a-fait-different\/","title":{"rendered":"BERGKRISTALL xx - Une fois tout \u00e0 fait diff\u00e9rent !"},"content":{"rendered":"<p>Cristal de roche color\u00e9 en rouge par des oxydes de fer (couleur naturelle !) - le nom min\u00e9ralogique de ce quartz est BILLET DE FER .<\/p>\n<p>Raret\u00e9 - difficile \u00e0 obtenir.<\/p>\n<p>Poids : 340 g Dimensions : 12 x 8 x 6 cm<\/p>","protected":false},"excerpt":{"rendered":"<p>Cristal de roche color\u00e9 en rouge par des oxydes de fer (couleur naturelle !) - le nom min\u00e9ralogique de ce quartz est BILLET DE FER. Raret\u00e9 - difficile \u00e0 obtenir. Poids : 340 g Dimensions : 12 x 8 x 6 cm<\/p>","protected":false},"featured_media":2199,"template":"","meta":{"_acf_changed":false},"region":[],"product_brand":[],"product_cat":[15],"product_tag":[],"class_list":{"0":"post-2198","1":"product","2":"type-product","3":"status-publish","4":"has-post-thumbnail","6":"product_cat-mineralien","8":"first","9":"outofstock","10":"sold-individually","11":"product-type-simple"},"acf":[],"_links":{"self":[{"href":"https:\/\/westgem.shop\/fr\/wp-json\/wp\/v2\/product\/2198","targetHints":{"allow":["GET"]}}],"collection":[{"href":"https:\/\/westgem.shop\/fr\/wp-json\/wp\/v2\/product"}],"about":[{"href":"https:\/\/westgem.shop\/fr\/wp-json\/wp\/v2\/types\/product"}],"wp:featuredmedia":[{"embeddable":true,"href":"https:\/\/westgem.shop\/fr\/wp-json\/wp\/v2\/media\/2199"}],"wp:attachment":[{"href":"https:\/\/westgem.shop\/fr\/wp-json\/wp\/v2\/media?parent=2198"}],"wp:term":[{"taxonomy":"region","embeddable":true,"href":"https:\/\/westgem.shop\/fr\/wp-json\/wp\/v2\/region?post=2198"},{"taxonomy":"product_brand","embeddable":true,"href":"https:\/\/westgem.shop\/fr\/wp-json\/wp\/v2\/product_brand?post=2198"},{"taxonomy":"product_cat","embeddable":true,"href":"https:\/\/westgem.shop\/fr\/wp-json\/wp\/v2\/product_cat?post=2198"},{"taxonomy":"product_tag","embeddable":true,"href":"https:\/\/westgem.shop\/fr\/wp-json\/wp\/v2\/product_tag?post=2198"}],"curies":[{"name":"wp","href":"https:\/\/api.w.org\/{rel}","templated":true}]}}