{"id":2202,"date":"2000-10-27T00:00:00","date_gmt":"2000-10-27T00:00:00","guid":{"rendered":"https:\/\/miners.rocks\/product\/moosachat-rohstein\/"},"modified":"2020-05-19T16:57:30","modified_gmt":"2020-05-19T16:57:30","slug":"pierre-brute-dagate-mousse","status":"publish","type":"product","link":"https:\/\/westgem.shop\/fr\/produit\/pierre-brute-dagate-mousse\/","title":{"rendered":"\" AGATE MOUSSE \" PIERRE BRUTE"},"content":{"rendered":"<p>Pierre brute \" MOOSACHAT \" de pr\u00e8s de 2 kilogrammes provenant des sites de l'Inde.<\/p>\n<p>Voir aussi les disques polis de cette mati\u00e8re premi\u00e8re - dans la cat\u00e9gorie -<\/p>\n<p>Pi\u00e8ces uniques taill\u00e9es\/polies - cliquez \u00e0 GAUCHE dans la barre des cat\u00e9gories.<\/p>\n<p>Poids : 1.92 Kg Dimensions:17 x 13 x 10 cm<\/p>","protected":false},"excerpt":{"rendered":"<p>Pierre brute \" MOOSACHAT \" de pr\u00e8s de 2 kilos provenant des sites de l'Inde. Vous pouvez \u00e9galement voir des tranches polies de cette mati\u00e8re premi\u00e8re - dans la cat\u00e9gorie - Pi\u00e8ces uniques taill\u00e9es\/polies - cliquez \u00e0 GAUCHE dans la barre des cat\u00e9gories. Poids : 1.92 Kg Dimensions : 17 x 13 x 10 cm<\/p>","protected":false},"featured_media":2203,"template":"","meta":{"_acf_changed":false},"region":[],"product_brand":[],"product_cat":[15],"product_tag":[],"class_list":{"0":"post-2202","1":"product","2":"type-product","3":"status-publish","4":"has-post-thumbnail","6":"product_cat-mineralien","8":"first","9":"outofstock","10":"sold-individually","11":"product-type-simple"},"acf":[],"_links":{"self":[{"href":"https:\/\/westgem.shop\/fr\/wp-json\/wp\/v2\/product\/2202","targetHints":{"allow":["GET"]}}],"collection":[{"href":"https:\/\/westgem.shop\/fr\/wp-json\/wp\/v2\/product"}],"about":[{"href":"https:\/\/westgem.shop\/fr\/wp-json\/wp\/v2\/types\/product"}],"wp:featuredmedia":[{"embeddable":true,"href":"https:\/\/westgem.shop\/fr\/wp-json\/wp\/v2\/media\/2203"}],"wp:attachment":[{"href":"https:\/\/westgem.shop\/fr\/wp-json\/wp\/v2\/media?parent=2202"}],"wp:term":[{"taxonomy":"region","embeddable":true,"href":"https:\/\/westgem.shop\/fr\/wp-json\/wp\/v2\/region?post=2202"},{"taxonomy":"product_brand","embeddable":true,"href":"https:\/\/westgem.shop\/fr\/wp-json\/wp\/v2\/product_brand?post=2202"},{"taxonomy":"product_cat","embeddable":true,"href":"https:\/\/westgem.shop\/fr\/wp-json\/wp\/v2\/product_cat?post=2202"},{"taxonomy":"product_tag","embeddable":true,"href":"https:\/\/westgem.shop\/fr\/wp-json\/wp\/v2\/product_tag?post=2202"}],"curies":[{"name":"wp","href":"https:\/\/api.w.org\/{rel}","templated":true}]}}