{"id":2206,"date":"2000-10-28T00:00:00","date_gmt":"2000-10-28T00:00:00","guid":{"rendered":"https:\/\/miners.rocks\/product\/magnetit-xx-zillertal\/"},"modified":"2020-05-19T16:57:30","modified_gmt":"2020-05-19T16:57:30","slug":"magnetit-xx-zillertal","status":"publish","type":"product","link":"https:\/\/westgem.shop\/fr\/produit\/magnetit-xx-zillertal\/","title":{"rendered":"magn\u00e9tite xx - Zillertal"},"content":{"rendered":"<p>Magn\u00e9tite des hautes Alpes = Fe3O4<\/p>\n<p>La Rotbachlspitze est un site tr\u00e8s connu dans le Zillertal\/Tyrol.<\/p>\n<\/p>\n<p>Cristaux de magn\u00e9tite aux ar\u00eates vives et \u00e0 l'\u00e9clat m\u00e9tallique dans du schiste chloriteux<\/p>\n<\/p>\n<p>poids : 84 g  <\/p>\n<p>Dimensions : 8,5 x 6 x 1,5 cm XX \u00e0 1 cm<\/p>","protected":false},"excerpt":{"rendered":"<p>Haute montagne Magn\u00e9tite = Fe3O4 Le site tr\u00e8s connu du Zillertal\/Tyrol est la Rotbachlspitze. Cristaux de magn\u00e9tite aux ar\u00eates vives et \u00e0 l'\u00e9clat m\u00e9tallique dans du schiste chloriteux Poids : 84 g Dimensions : 8,5 x 6 x 1,5 cm XX \u00e0 1 cm<\/p>","protected":false},"featured_media":2207,"template":"","meta":{"_acf_changed":false},"region":[],"product_brand":[],"product_cat":[15],"product_tag":[],"class_list":{"0":"post-2206","1":"product","2":"type-product","3":"status-publish","4":"has-post-thumbnail","6":"product_cat-mineralien","8":"first","9":"outofstock","10":"sold-individually","11":"product-type-simple"},"acf":[],"_links":{"self":[{"href":"https:\/\/westgem.shop\/fr\/wp-json\/wp\/v2\/product\/2206","targetHints":{"allow":["GET"]}}],"collection":[{"href":"https:\/\/westgem.shop\/fr\/wp-json\/wp\/v2\/product"}],"about":[{"href":"https:\/\/westgem.shop\/fr\/wp-json\/wp\/v2\/types\/product"}],"wp:featuredmedia":[{"embeddable":true,"href":"https:\/\/westgem.shop\/fr\/wp-json\/wp\/v2\/media\/2207"}],"wp:attachment":[{"href":"https:\/\/westgem.shop\/fr\/wp-json\/wp\/v2\/media?parent=2206"}],"wp:term":[{"taxonomy":"region","embeddable":true,"href":"https:\/\/westgem.shop\/fr\/wp-json\/wp\/v2\/region?post=2206"},{"taxonomy":"product_brand","embeddable":true,"href":"https:\/\/westgem.shop\/fr\/wp-json\/wp\/v2\/product_brand?post=2206"},{"taxonomy":"product_cat","embeddable":true,"href":"https:\/\/westgem.shop\/fr\/wp-json\/wp\/v2\/product_cat?post=2206"},{"taxonomy":"product_tag","embeddable":true,"href":"https:\/\/westgem.shop\/fr\/wp-json\/wp\/v2\/product_tag?post=2206"}],"curies":[{"name":"wp","href":"https:\/\/api.w.org\/{rel}","templated":true}]}}