{"id":2215,"date":"2000-10-30T00:00:00","date_gmt":"2000-10-30T00:00:00","guid":{"rendered":"https:\/\/miners.rocks\/product\/carrollit-xx-2\/"},"modified":"2020-05-19T16:57:31","modified_gmt":"2020-05-19T16:57:31","slug":"carrollit-xx-2","status":"publish","type":"product","link":"https:\/\/westgem.shop\/fr\/produit\/carrollit-xx-2\/","title":{"rendered":"CARROLLIT xx"},"content":{"rendered":"<p>poids : 254 g<\/p>\n<p>Dimensions : 9 x 6 x 5,5 cm<\/p>\n<p> RELATIVEMENT RARE !<\/p>\n<p>Min\u00e9ral KOBALT NIKEL - argent\u00e9 - cristaux m\u00e9talliques brillants en BARYT blanc tardif avec CHALCOPYRIT xx comme min\u00e9ral associ\u00e9.<br \/>\nCes niveaux ont \u00e9t\u00e9 d\u00e9couverts lors de travaux min\u00e9ralogiques ult\u00e9rieurs en 2002 dans une mine \u00e0 ciel ouvert d'URAN NIKEL abandonn\u00e9e au Congo.<\/p>\n<p>localisation de la trouvaille : Mine de South Camoya - Kambove - Congo<\/p>","protected":false},"excerpt":{"rendered":"<p>Poids : 254 g Dimensions : 9 x 6 x 5,5 cm RELATIVEMENT RARE ! Min\u00e9ral KOBALT NIKEL - cristaux argent\u00e9s - m\u00e9talliques brillants en BARYT blanc tardif avec CHALCOPYRIT xx comme min\u00e9ral associ\u00e9. Ces niveaux ont \u00e9t\u00e9 trouv\u00e9s lors de travaux min\u00e9ralogiques ult\u00e9rieurs en 2002 dans une mine \u00e0 ciel ouvert d'URAN NIKEL abandonn\u00e9e au Congo. Lieu de d\u00e9couverte : South Camoya Mine - Kambove [...]<\/p>","protected":false},"featured_media":2216,"template":"","meta":{"_acf_changed":false},"region":[],"product_brand":[],"product_cat":[15],"product_tag":[],"class_list":{"0":"post-2215","1":"product","2":"type-product","3":"status-publish","4":"has-post-thumbnail","6":"product_cat-mineralien","8":"first","9":"outofstock","10":"sold-individually","11":"product-type-simple"},"acf":[],"_links":{"self":[{"href":"https:\/\/westgem.shop\/fr\/wp-json\/wp\/v2\/product\/2215","targetHints":{"allow":["GET"]}}],"collection":[{"href":"https:\/\/westgem.shop\/fr\/wp-json\/wp\/v2\/product"}],"about":[{"href":"https:\/\/westgem.shop\/fr\/wp-json\/wp\/v2\/types\/product"}],"wp:featuredmedia":[{"embeddable":true,"href":"https:\/\/westgem.shop\/fr\/wp-json\/wp\/v2\/media\/2216"}],"wp:attachment":[{"href":"https:\/\/westgem.shop\/fr\/wp-json\/wp\/v2\/media?parent=2215"}],"wp:term":[{"taxonomy":"region","embeddable":true,"href":"https:\/\/westgem.shop\/fr\/wp-json\/wp\/v2\/region?post=2215"},{"taxonomy":"product_brand","embeddable":true,"href":"https:\/\/westgem.shop\/fr\/wp-json\/wp\/v2\/product_brand?post=2215"},{"taxonomy":"product_cat","embeddable":true,"href":"https:\/\/westgem.shop\/fr\/wp-json\/wp\/v2\/product_cat?post=2215"},{"taxonomy":"product_tag","embeddable":true,"href":"https:\/\/westgem.shop\/fr\/wp-json\/wp\/v2\/product_tag?post=2215"}],"curies":[{"name":"wp","href":"https:\/\/api.w.org\/{rel}","templated":true}]}}