{"id":223,"date":"2000-01-01T00:00:00","date_gmt":"2000-01-01T00:00:00","guid":{"rendered":"https:\/\/miners.rocks\/product\/chalcedon-xx-huettenberg\/"},"modified":"2020-05-19T16:55:14","modified_gmt":"2020-05-19T16:55:14","slug":"chalcedoine-xx-huettenberg","status":"publish","type":"product","link":"https:\/\/westgem.shop\/fr\/produit\/chalcedoine-xx-huettenberg\/","title":{"rendered":"CHALCEDON xx - H\u00dcTTENBERG"},"content":{"rendered":"<p>\u00c9tage cristallin -Calc\u00e9doine bleu pigeon avec sid\u00e9rite xx<\/p>\n<p>CHALCEDON bleu pigeon . Il y a plus de 2000 ans, les Celtes et les Romains extrayaient d\u00e9j\u00e0 de cette r\u00e9gion mini\u00e8re le minerai de fer nordique tant convoit\u00e9.<br \/>\nNiveau sup\u00e9rieur avec calc\u00e9doine xx en forme de grappe sur SIDERIT xx. Seuls quelques collectionneurs poss\u00e8dent un tel niveau. L'exploitation mini\u00e8re de H\u00fcttenberg a cess\u00e9 depuis 40 ans et il n'y aura donc plus jamais de nouveaux niveaux.<\/p>\n<p>GEW .:753 g.( 0,75 kg)<\/p>\n<p>Longueur:12,5 cm<br \/>\nLargeur:6,5 cm<br \/>\nHauteur:7 cm<\/p>","protected":false},"excerpt":{"rendered":"<p>Niveau cristallin - Calc\u00e9doine bleu pigeon avec sid\u00e9rite xx CHALCEDON bleu pigeon . Il y a plus de 2000 ans, les Celtes et les Romains extrayaient d\u00e9j\u00e0 de cette r\u00e9gion mini\u00e8re le minerai de fer nordique tant convoit\u00e9. Niveau sup\u00e9rieur avec calc\u00e9doine xx en forme de grappe sur siderite xx. Seuls quelques collectionneurs poss\u00e8dent un tel niveau. L'exploitation mini\u00e8re de H\u00fcttenberg est arr\u00eat\u00e9e depuis 40 ans et c'est pourquoi [...].<\/p>","protected":false},"featured_media":237,"template":"","meta":{"_acf_changed":false},"region":[],"product_brand":[],"product_cat":[15],"product_tag":[],"class_list":{"0":"post-223","1":"product","2":"type-product","3":"status-publish","4":"has-post-thumbnail","6":"product_cat-mineralien","8":"first","9":"outofstock","10":"sold-individually","11":"product-type-simple"},"acf":[],"_links":{"self":[{"href":"https:\/\/westgem.shop\/fr\/wp-json\/wp\/v2\/product\/223","targetHints":{"allow":["GET"]}}],"collection":[{"href":"https:\/\/westgem.shop\/fr\/wp-json\/wp\/v2\/product"}],"about":[{"href":"https:\/\/westgem.shop\/fr\/wp-json\/wp\/v2\/types\/product"}],"wp:featuredmedia":[{"embeddable":true,"href":"https:\/\/westgem.shop\/fr\/wp-json\/wp\/v2\/media\/237"}],"wp:attachment":[{"href":"https:\/\/westgem.shop\/fr\/wp-json\/wp\/v2\/media?parent=223"}],"wp:term":[{"taxonomy":"region","embeddable":true,"href":"https:\/\/westgem.shop\/fr\/wp-json\/wp\/v2\/region?post=223"},{"taxonomy":"product_brand","embeddable":true,"href":"https:\/\/westgem.shop\/fr\/wp-json\/wp\/v2\/product_brand?post=223"},{"taxonomy":"product_cat","embeddable":true,"href":"https:\/\/westgem.shop\/fr\/wp-json\/wp\/v2\/product_cat?post=223"},{"taxonomy":"product_tag","embeddable":true,"href":"https:\/\/westgem.shop\/fr\/wp-json\/wp\/v2\/product_tag?post=223"}],"curies":[{"name":"wp","href":"https:\/\/api.w.org\/{rel}","templated":true}]}}