{"id":2230,"date":"2000-11-03T00:00:00","date_gmt":"2000-11-03T00:00:00","guid":{"rendered":"https:\/\/miners.rocks\/product\/carrollit-xx-6\/"},"modified":"2020-05-19T16:57:32","modified_gmt":"2020-05-19T16:57:32","slug":"carrollit-xx-6","status":"publish","type":"product","link":"https:\/\/westgem.shop\/fr\/produit\/carrollit-xx-6\/","title":{"rendered":"CARROLLIT xx"},"content":{"rendered":"<p>poids : 284g<\/p>\n<p>Dimensions : 8 x 6 x 6 cm <\/p>\n<p>CARROLLIT xx jusqu'\u00e0 1 cm<\/p>\n<p>D\u00c9TAILS pour l'art. CARROLLIT xx - DESCRIPTION<\/p>","protected":false},"excerpt":{"rendered":"<p>Poids : 284g Dimensions : 8 x 6 x 6 cm CARROLLIT xx jusqu'\u00e0 1 cm D\u00c9TAILS \u00e0 l'art. CARROLLIT xx - DESCRIPTION<\/p>","protected":false},"featured_media":2231,"template":"","meta":{"_acf_changed":false},"region":[],"product_brand":[],"product_cat":[15],"product_tag":[],"class_list":{"0":"post-2230","1":"product","2":"type-product","3":"status-publish","4":"has-post-thumbnail","6":"product_cat-mineralien","8":"first","9":"outofstock","10":"sold-individually","11":"product-type-simple"},"acf":[],"_links":{"self":[{"href":"https:\/\/westgem.shop\/fr\/wp-json\/wp\/v2\/product\/2230","targetHints":{"allow":["GET"]}}],"collection":[{"href":"https:\/\/westgem.shop\/fr\/wp-json\/wp\/v2\/product"}],"about":[{"href":"https:\/\/westgem.shop\/fr\/wp-json\/wp\/v2\/types\/product"}],"wp:featuredmedia":[{"embeddable":true,"href":"https:\/\/westgem.shop\/fr\/wp-json\/wp\/v2\/media\/2231"}],"wp:attachment":[{"href":"https:\/\/westgem.shop\/fr\/wp-json\/wp\/v2\/media?parent=2230"}],"wp:term":[{"taxonomy":"region","embeddable":true,"href":"https:\/\/westgem.shop\/fr\/wp-json\/wp\/v2\/region?post=2230"},{"taxonomy":"product_brand","embeddable":true,"href":"https:\/\/westgem.shop\/fr\/wp-json\/wp\/v2\/product_brand?post=2230"},{"taxonomy":"product_cat","embeddable":true,"href":"https:\/\/westgem.shop\/fr\/wp-json\/wp\/v2\/product_cat?post=2230"},{"taxonomy":"product_tag","embeddable":true,"href":"https:\/\/westgem.shop\/fr\/wp-json\/wp\/v2\/product_tag?post=2230"}],"curies":[{"name":"wp","href":"https:\/\/api.w.org\/{rel}","templated":true}]}}