{"id":2235,"date":"2000-11-04T00:00:00","date_gmt":"2000-11-04T00:00:00","guid":{"rendered":"https:\/\/miners.rocks\/product\/zinnober-xx-buchholzgraben\/"},"modified":"2020-05-19T16:57:33","modified_gmt":"2020-05-19T16:57:33","slug":"cinabre-xx-buchholzgraben","status":"publish","type":"product","link":"https:\/\/westgem.shop\/fr\/produit\/cinabre-xx-buchholzgraben\/","title":{"rendered":"ZINNOBER xx - Foss\u00e9 de Buchholz"},"content":{"rendered":"<p>Ancienne d\u00e9couverte de l'ancienne exploitation mini\u00e8re QUECKSILBER dans le Buchholzgraben au pied du Goldeck.<\/p>\n<p>Les cristaux de ZINNOBER sont rares et g\u00e9n\u00e9ralement petits - ici dans des ADERNES de quartz sur une matrice calcaire.<\/p>\n<p>Poids : 250 g Dimensions : 13 x 7 x 3 cm<\/p>","protected":false},"excerpt":{"rendered":"<p>Ancienne d\u00e9couverte de l'ancienne mine de QUECKSILBER dans le Buchholzgraben au pied du Goldeck. Les cristaux de ZINNOBER sont rares et g\u00e9n\u00e9ralement petits - ici en ADERN de quartz sur une matrice de calcaire. Poids : 250 g Dimensions : 13 x 7 x 3 cm<\/p>","protected":false},"featured_media":2236,"template":"","meta":{"_acf_changed":false},"region":[],"product_brand":[],"product_cat":[15],"product_tag":[],"class_list":{"0":"post-2235","1":"product","2":"type-product","3":"status-publish","4":"has-post-thumbnail","6":"product_cat-mineralien","8":"first","9":"outofstock","10":"sold-individually","11":"product-type-simple"},"acf":[],"_links":{"self":[{"href":"https:\/\/westgem.shop\/fr\/wp-json\/wp\/v2\/product\/2235","targetHints":{"allow":["GET"]}}],"collection":[{"href":"https:\/\/westgem.shop\/fr\/wp-json\/wp\/v2\/product"}],"about":[{"href":"https:\/\/westgem.shop\/fr\/wp-json\/wp\/v2\/types\/product"}],"wp:featuredmedia":[{"embeddable":true,"href":"https:\/\/westgem.shop\/fr\/wp-json\/wp\/v2\/media\/2236"}],"wp:attachment":[{"href":"https:\/\/westgem.shop\/fr\/wp-json\/wp\/v2\/media?parent=2235"}],"wp:term":[{"taxonomy":"region","embeddable":true,"href":"https:\/\/westgem.shop\/fr\/wp-json\/wp\/v2\/region?post=2235"},{"taxonomy":"product_brand","embeddable":true,"href":"https:\/\/westgem.shop\/fr\/wp-json\/wp\/v2\/product_brand?post=2235"},{"taxonomy":"product_cat","embeddable":true,"href":"https:\/\/westgem.shop\/fr\/wp-json\/wp\/v2\/product_cat?post=2235"},{"taxonomy":"product_tag","embeddable":true,"href":"https:\/\/westgem.shop\/fr\/wp-json\/wp\/v2\/product_tag?post=2235"}],"curies":[{"name":"wp","href":"https:\/\/api.w.org\/{rel}","templated":true}]}}