{"id":2248,"date":"2000-11-07T00:00:00","date_gmt":"2000-11-07T00:00:00","guid":{"rendered":"https:\/\/miners.rocks\/product\/zinnober-xx-in-quarz\/"},"modified":"2020-05-19T16:57:35","modified_gmt":"2020-05-19T16:57:35","slug":"cinabre-xx-en-quartz","status":"publish","type":"product","link":"https:\/\/westgem.shop\/fr\/produit\/cinabre-xx-en-quartz\/","title":{"rendered":"ZINNOBER xx en quartz"},"content":{"rendered":"<p>Pi\u00e8ce de rocher coup\u00e9e sur 2 c\u00f4t\u00e9s . Vous voyez les cristaux de ZINNOBER dans la veine de quartz.<\/p>\n<p>Description de l'art. KM -121<\/p>\n<p>Poids : 180 g Dimensions : 12 x 6,5 x 2 cm<\/p>\n<p>Photographi\u00e9 \u00e0 l'\u00e9tat humide ! Devant et derri\u00e8re.<\/p>","protected":false},"excerpt":{"rendered":"<p>Pi\u00e8ce de rocher coup\u00e9e sur 2 c\u00f4t\u00e9s . Vous voyez les cristaux de ZINNOBER dans la veine de quartz. Description de l'art. KM -121 Poids : 180 g Dimensions : 12 x 6,5 x 2 cm Photographi\u00e9 \u00e0 l'\u00e9tat humide ! Devant et derri\u00e8re.<\/p>","protected":false},"featured_media":2249,"template":"","meta":{"_acf_changed":false},"region":[],"product_brand":[],"product_cat":[15],"product_tag":[],"class_list":{"0":"post-2248","1":"product","2":"type-product","3":"status-publish","4":"has-post-thumbnail","6":"product_cat-mineralien","8":"first","9":"outofstock","10":"sold-individually","11":"product-type-simple"},"acf":[],"_links":{"self":[{"href":"https:\/\/westgem.shop\/fr\/wp-json\/wp\/v2\/product\/2248","targetHints":{"allow":["GET"]}}],"collection":[{"href":"https:\/\/westgem.shop\/fr\/wp-json\/wp\/v2\/product"}],"about":[{"href":"https:\/\/westgem.shop\/fr\/wp-json\/wp\/v2\/types\/product"}],"wp:featuredmedia":[{"embeddable":true,"href":"https:\/\/westgem.shop\/fr\/wp-json\/wp\/v2\/media\/2249"}],"wp:attachment":[{"href":"https:\/\/westgem.shop\/fr\/wp-json\/wp\/v2\/media?parent=2248"}],"wp:term":[{"taxonomy":"region","embeddable":true,"href":"https:\/\/westgem.shop\/fr\/wp-json\/wp\/v2\/region?post=2248"},{"taxonomy":"product_brand","embeddable":true,"href":"https:\/\/westgem.shop\/fr\/wp-json\/wp\/v2\/product_brand?post=2248"},{"taxonomy":"product_cat","embeddable":true,"href":"https:\/\/westgem.shop\/fr\/wp-json\/wp\/v2\/product_cat?post=2248"},{"taxonomy":"product_tag","embeddable":true,"href":"https:\/\/westgem.shop\/fr\/wp-json\/wp\/v2\/product_tag?post=2248"}],"curies":[{"name":"wp","href":"https:\/\/api.w.org\/{rel}","templated":true}]}}