{"id":2252,"date":"2000-11-08T00:00:00","date_gmt":"2000-11-08T00:00:00","guid":{"rendered":"https:\/\/miners.rocks\/product\/feuerstein-roh-mehrfaerbig\/"},"modified":"2020-05-19T16:57:35","modified_gmt":"2020-05-19T16:57:35","slug":"silex-brut-a-plusieurs-facettes-2","status":"publish","type":"product","link":"https:\/\/westgem.shop\/fr\/produit\/silex-brut-a-plusieurs-facettes-2\/","title":{"rendered":"PIERRE DE FEU - brute - multicolore"},"content":{"rendered":"<p>poids : 860 g<\/p>\n<p>Dimensions : 14 x 10 x 7 cm - couleurs rares !<\/p>\n<p>Cliquez \u00e0 gauche dans la cat\u00e9gorie PIERRE D'INCENDIE - voici la description d\u00e9taill\u00e9e .<\/p>","protected":false},"excerpt":{"rendered":"<p>Poids : 860 g Dimensions : 14 x 10 x 7 cm - couleurs rares ! Cliquez \u00e0 gauche dans la cat\u00e9gorie PIERRE - voici la description d\u00e9taill\u00e9e .<\/p>","protected":false},"featured_media":2253,"template":"","meta":{"_acf_changed":false},"region":[],"product_brand":[],"product_cat":[15],"product_tag":[],"class_list":{"0":"post-2252","1":"product","2":"type-product","3":"status-publish","4":"has-post-thumbnail","6":"product_cat-mineralien","8":"first","9":"outofstock","10":"sold-individually","11":"product-type-simple"},"acf":[],"_links":{"self":[{"href":"https:\/\/westgem.shop\/fr\/wp-json\/wp\/v2\/product\/2252","targetHints":{"allow":["GET"]}}],"collection":[{"href":"https:\/\/westgem.shop\/fr\/wp-json\/wp\/v2\/product"}],"about":[{"href":"https:\/\/westgem.shop\/fr\/wp-json\/wp\/v2\/types\/product"}],"wp:featuredmedia":[{"embeddable":true,"href":"https:\/\/westgem.shop\/fr\/wp-json\/wp\/v2\/media\/2253"}],"wp:attachment":[{"href":"https:\/\/westgem.shop\/fr\/wp-json\/wp\/v2\/media?parent=2252"}],"wp:term":[{"taxonomy":"region","embeddable":true,"href":"https:\/\/westgem.shop\/fr\/wp-json\/wp\/v2\/region?post=2252"},{"taxonomy":"product_brand","embeddable":true,"href":"https:\/\/westgem.shop\/fr\/wp-json\/wp\/v2\/product_brand?post=2252"},{"taxonomy":"product_cat","embeddable":true,"href":"https:\/\/westgem.shop\/fr\/wp-json\/wp\/v2\/product_cat?post=2252"},{"taxonomy":"product_tag","embeddable":true,"href":"https:\/\/westgem.shop\/fr\/wp-json\/wp\/v2\/product_tag?post=2252"}],"curies":[{"name":"wp","href":"https:\/\/api.w.org\/{rel}","templated":true}]}}