{"id":226,"date":"2000-01-02T00:00:00","date_gmt":"2000-01-02T00:00:00","guid":{"rendered":"https:\/\/miners.rocks\/product\/rhodonit-st-salvator\/"},"modified":"2020-05-19T16:55:14","modified_gmt":"2020-05-19T16:55:14","slug":"rhodonite-st-salvator","status":"publish","type":"product","link":"https:\/\/westgem.shop\/fr\/produit\/rhodonite-st-salvator\/","title":{"rendered":"RHODONIT - Saint-Sauveur"},"content":{"rendered":"<p>L:27 cm L:10 cm H:1,8 cm<\/p>\n<p>Poids:1,34 kg.<\/p>\n<p>Plaque polie sur une face provenant de la d\u00e9couverte de RHODONITE \u00e0 St. Salvator pr\u00e8s de Friesach dans le nord de la Carinthie.  Ce bloc de plusieurs tonnes \u00e9tait l'un des blocs erratiques que l'on trouve r\u00e9guli\u00e8rement dans cette r\u00e9gion de la vall\u00e9e de la Metnitz. Mais ces derni\u00e8res ann\u00e9es, nous n'avons plus connaissance de d\u00e9couvertes dignes d'\u00eatre mentionn\u00e9es.<\/p>","protected":false},"excerpt":{"rendered":"<p>L:27 cm L:10 cm H:1,8 cm Poids:1,34 kg. Plaque polie sur une face provenant de la d\u00e9couverte de RHODONITE \u00e0 St. Salvator pr\u00e8s de Friesach dans le nord de la Carinthie. Ce bloc d'une tonne \u00e9tait l'un des blocs erratiques que l'on trouve r\u00e9guli\u00e8rement dans cette r\u00e9gion de la vall\u00e9e de la Metnitz. Mais ces derni\u00e8res ann\u00e9es, nous n'avons plus connaissance de d\u00e9couvertes dignes d'\u00eatre mentionn\u00e9es.<\/p>","protected":false},"featured_media":240,"template":"","meta":{"_acf_changed":false},"region":[],"product_brand":[],"product_cat":[15],"product_tag":[],"class_list":{"0":"post-226","1":"product","2":"type-product","3":"status-publish","4":"has-post-thumbnail","6":"product_cat-mineralien","8":"first","9":"outofstock","10":"sold-individually","11":"product-type-simple"},"acf":[],"_links":{"self":[{"href":"https:\/\/westgem.shop\/fr\/wp-json\/wp\/v2\/product\/226","targetHints":{"allow":["GET"]}}],"collection":[{"href":"https:\/\/westgem.shop\/fr\/wp-json\/wp\/v2\/product"}],"about":[{"href":"https:\/\/westgem.shop\/fr\/wp-json\/wp\/v2\/types\/product"}],"wp:featuredmedia":[{"embeddable":true,"href":"https:\/\/westgem.shop\/fr\/wp-json\/wp\/v2\/media\/240"}],"wp:attachment":[{"href":"https:\/\/westgem.shop\/fr\/wp-json\/wp\/v2\/media?parent=226"}],"wp:term":[{"taxonomy":"region","embeddable":true,"href":"https:\/\/westgem.shop\/fr\/wp-json\/wp\/v2\/region?post=226"},{"taxonomy":"product_brand","embeddable":true,"href":"https:\/\/westgem.shop\/fr\/wp-json\/wp\/v2\/product_brand?post=226"},{"taxonomy":"product_cat","embeddable":true,"href":"https:\/\/westgem.shop\/fr\/wp-json\/wp\/v2\/product_cat?post=226"},{"taxonomy":"product_tag","embeddable":true,"href":"https:\/\/westgem.shop\/fr\/wp-json\/wp\/v2\/product_tag?post=226"}],"curies":[{"name":"wp","href":"https:\/\/api.w.org\/{rel}","templated":true}]}}