{"id":2279,"date":"2000-11-16T00:00:00","date_gmt":"2000-11-16T00:00:00","guid":{"rendered":"https:\/\/miners.rocks\/product\/trilobit-450-millionen-jahre-alt\/"},"modified":"2020-05-19T16:57:39","modified_gmt":"2020-05-19T16:57:39","slug":"un-trilobite-vieux-de-450-millions-dannees","status":"publish","type":"product","link":"https:\/\/westgem.shop\/fr\/produit\/un-trilobite-vieux-de-450-millions-dannees\/","title":{"rendered":"TRILOBIT - 450 millions d'ann\u00e9es"},"content":{"rendered":"<p>poids ; 0,97 kilogramme (970 g )<\/p>\n<p>Dimensions : Tube : 13 x 13 x 7 cm Trilobite : 7 cm de long.<\/p>\n<p>Pi\u00e8ce de premi\u00e8re classe, difficile \u00e0 trouver dans cette taille.<\/p>\n<p>La derni\u00e8re photo montre le tubercule ferm\u00e9.<\/p>\n<p>DESCRIPTION d\u00e9taill\u00e9e du fossile - veuillez cliquer sur TRILOBITES dans la liste des cat\u00e9gories \u00e0 gauche - sous la cat\u00e9gorie FOSSILES .<\/p>","protected":false},"excerpt":{"rendered":"<p>Poids ; 0,97 kilogramme (970 g ) Dimensions : Tube : 13 x 13 x 7 cm Trilobite : 7 cm de long. Pi\u00e8ce de premi\u00e8re classe, difficile \u00e0 trouver dans cette taille. La derni\u00e8re photo montre le tubercule ferm\u00e9. DESCRIPTION d\u00e9taill\u00e9e du fossile - cliquez sur TRILOBITES dans la liste des cat\u00e9gories \u00e0 gauche - sous la cat\u00e9gorie [...].<\/p>","protected":false},"featured_media":2280,"template":"","meta":{"_acf_changed":false},"region":[],"product_brand":[],"product_cat":[15],"product_tag":[],"class_list":{"0":"post-2279","1":"product","2":"type-product","3":"status-publish","4":"has-post-thumbnail","6":"product_cat-mineralien","8":"first","9":"outofstock","10":"sold-individually","11":"product-type-simple"},"acf":[],"_links":{"self":[{"href":"https:\/\/westgem.shop\/fr\/wp-json\/wp\/v2\/product\/2279","targetHints":{"allow":["GET"]}}],"collection":[{"href":"https:\/\/westgem.shop\/fr\/wp-json\/wp\/v2\/product"}],"about":[{"href":"https:\/\/westgem.shop\/fr\/wp-json\/wp\/v2\/types\/product"}],"wp:featuredmedia":[{"embeddable":true,"href":"https:\/\/westgem.shop\/fr\/wp-json\/wp\/v2\/media\/2280"}],"wp:attachment":[{"href":"https:\/\/westgem.shop\/fr\/wp-json\/wp\/v2\/media?parent=2279"}],"wp:term":[{"taxonomy":"region","embeddable":true,"href":"https:\/\/westgem.shop\/fr\/wp-json\/wp\/v2\/region?post=2279"},{"taxonomy":"product_brand","embeddable":true,"href":"https:\/\/westgem.shop\/fr\/wp-json\/wp\/v2\/product_brand?post=2279"},{"taxonomy":"product_cat","embeddable":true,"href":"https:\/\/westgem.shop\/fr\/wp-json\/wp\/v2\/product_cat?post=2279"},{"taxonomy":"product_tag","embeddable":true,"href":"https:\/\/westgem.shop\/fr\/wp-json\/wp\/v2\/product_tag?post=2279"}],"curies":[{"name":"wp","href":"https:\/\/api.w.org\/{rel}","templated":true}]}}