{"id":2285,"date":"2000-11-17T00:00:00","date_gmt":"2000-11-17T00:00:00","guid":{"rendered":"https:\/\/miners.rocks\/product\/2-x-1a-trilobiten-in-geode\/"},"modified":"2020-05-19T16:57:39","modified_gmt":"2020-05-19T16:57:39","slug":"2-x-1a-trilobites-en-geode","status":"publish","type":"product","link":"https:\/\/westgem.shop\/fr\/produit\/2-x-1a-trilobites-en-geode\/","title":{"rendered":"2 x 1A TRILOBITES en g\u00e9ode"},"content":{"rendered":"<p>poids : 440 g<\/p>\n<p>Dimensions : 12 x 9 x 8 cm<\/p>\n<p>TRILOBITES : 6 cm de long !<\/p>\n<p>2 TROLOBITES tr\u00e8s bien conserv\u00e9es \u00e0 l'int\u00e9rieur et une empreinte n\u00e9gative \u00e0 l'ext\u00e9rieur.<\/p>\n<p>Les photos 2 et 4 sont les TRILOBITES La photo 3 est l'empreinte n\u00e9gative \u00e0 l'int\u00e9rieur de la g\u00e9ode.<\/p>\n<p>La derni\u00e8re photo montre le tubercule ferm\u00e9.<\/p>\n<p>DESCRIPTION des fossiles et des lieux de d\u00e9couverte - Cliquez dans la barre de cat\u00e9gories \u00e0 gauche sur TRILOBITES sous la cat\u00e9gorie FOSSILES.<\/p>","protected":false},"excerpt":{"rendered":"<p>Poids : 440 g Dimensions : 12 x 9 x 8 cm TRILOBITES : 6 cm de long ! 2 TROLOBITES tr\u00e8s bien conserv\u00e9s \u00e0 l'int\u00e9rieur et une empreinte n\u00e9gative \u00e0 l'ext\u00e9rieur. Les photos 2 et 4 sont les TRILOBITES La photo 3 est l'empreinte n\u00e9gative \u00e0 l'int\u00e9rieur de la g\u00e9ode. La derni\u00e8re image montre le tubercule ferm\u00e9. DESCRIPTION des fossiles et des sites de d\u00e9couverte [...].<\/p>","protected":false},"featured_media":2286,"template":"","meta":{"_acf_changed":false},"region":[],"product_brand":[],"product_cat":[15],"product_tag":[],"class_list":{"0":"post-2285","1":"product","2":"type-product","3":"status-publish","4":"has-post-thumbnail","6":"product_cat-mineralien","8":"first","9":"outofstock","10":"sold-individually","11":"product-type-simple"},"acf":[],"_links":{"self":[{"href":"https:\/\/westgem.shop\/fr\/wp-json\/wp\/v2\/product\/2285","targetHints":{"allow":["GET"]}}],"collection":[{"href":"https:\/\/westgem.shop\/fr\/wp-json\/wp\/v2\/product"}],"about":[{"href":"https:\/\/westgem.shop\/fr\/wp-json\/wp\/v2\/types\/product"}],"wp:featuredmedia":[{"embeddable":true,"href":"https:\/\/westgem.shop\/fr\/wp-json\/wp\/v2\/media\/2286"}],"wp:attachment":[{"href":"https:\/\/westgem.shop\/fr\/wp-json\/wp\/v2\/media?parent=2285"}],"wp:term":[{"taxonomy":"region","embeddable":true,"href":"https:\/\/westgem.shop\/fr\/wp-json\/wp\/v2\/region?post=2285"},{"taxonomy":"product_brand","embeddable":true,"href":"https:\/\/westgem.shop\/fr\/wp-json\/wp\/v2\/product_brand?post=2285"},{"taxonomy":"product_cat","embeddable":true,"href":"https:\/\/westgem.shop\/fr\/wp-json\/wp\/v2\/product_cat?post=2285"},{"taxonomy":"product_tag","embeddable":true,"href":"https:\/\/westgem.shop\/fr\/wp-json\/wp\/v2\/product_tag?post=2285"}],"curies":[{"name":"wp","href":"https:\/\/api.w.org\/{rel}","templated":true}]}}