{"id":2291,"date":"2000-11-18T00:00:00","date_gmt":"2000-11-18T00:00:00","guid":{"rendered":"https:\/\/miners.rocks\/product\/trilobiten-geode\/"},"modified":"2020-05-19T16:57:40","modified_gmt":"2020-05-19T16:57:40","slug":"trilobites-geode","status":"publish","type":"product","link":"https:\/\/westgem.shop\/fr\/produit\/trilobites-geode\/","title":{"rendered":"TRILOBITES - G\u00c9ODE"},"content":{"rendered":"<p>poids : 430 g<\/p>\n<p>Dimensions : G\u00e9ode 13 x 7 x 7 cm Fossile mesure 7 cm de long<\/p>\n<p>Lorsque le tubercule est ferm\u00e9, la t\u00eate du TRILOBITE appara\u00eet.<\/p>","protected":false},"excerpt":{"rendered":"<p>Poids : 430 g Dimensions : G\u00e9ode 13 x 7 x 7 cm Le fossile mesure 7 cm de long Lorsque le tubercule est ferm\u00e9, la t\u00eate du TRILOBITE d\u00e9passe.<\/p>","protected":false},"featured_media":2292,"template":"","meta":{"_acf_changed":false},"region":[],"product_brand":[],"product_cat":[15],"product_tag":[],"class_list":{"0":"post-2291","1":"product","2":"type-product","3":"status-publish","4":"has-post-thumbnail","6":"product_cat-mineralien","8":"first","9":"outofstock","10":"sold-individually","11":"product-type-simple"},"acf":[],"_links":{"self":[{"href":"https:\/\/westgem.shop\/fr\/wp-json\/wp\/v2\/product\/2291","targetHints":{"allow":["GET"]}}],"collection":[{"href":"https:\/\/westgem.shop\/fr\/wp-json\/wp\/v2\/product"}],"about":[{"href":"https:\/\/westgem.shop\/fr\/wp-json\/wp\/v2\/types\/product"}],"wp:featuredmedia":[{"embeddable":true,"href":"https:\/\/westgem.shop\/fr\/wp-json\/wp\/v2\/media\/2292"}],"wp:attachment":[{"href":"https:\/\/westgem.shop\/fr\/wp-json\/wp\/v2\/media?parent=2291"}],"wp:term":[{"taxonomy":"region","embeddable":true,"href":"https:\/\/westgem.shop\/fr\/wp-json\/wp\/v2\/region?post=2291"},{"taxonomy":"product_brand","embeddable":true,"href":"https:\/\/westgem.shop\/fr\/wp-json\/wp\/v2\/product_brand?post=2291"},{"taxonomy":"product_cat","embeddable":true,"href":"https:\/\/westgem.shop\/fr\/wp-json\/wp\/v2\/product_cat?post=2291"},{"taxonomy":"product_tag","embeddable":true,"href":"https:\/\/westgem.shop\/fr\/wp-json\/wp\/v2\/product_tag?post=2291"}],"curies":[{"name":"wp","href":"https:\/\/api.w.org\/{rel}","templated":true}]}}