{"id":2298,"date":"2000-11-19T00:00:00","date_gmt":"2000-11-19T00:00:00","guid":{"rendered":"https:\/\/miners.rocks\/product\/trilobit-originalfossil\/"},"modified":"2020-05-19T16:57:40","modified_gmt":"2020-05-19T16:57:40","slug":"trilobite-fossile-original","status":"publish","type":"product","link":"https:\/\/westgem.shop\/fr\/produit\/trilobite-fossile-original\/","title":{"rendered":"TRILOBITE - FOSSILE ORIGINAL"},"content":{"rendered":"<p>poids : 310 g<\/p>\n<p>Dimensions : G\u00e9ode10 x 8 x 7 cm Trilobite : 6 cm<\/p>\n<p>L'arri\u00e8re du trilobite d\u00e9passe du tubercule.<\/p>","protected":false},"excerpt":{"rendered":"<p>Poids : 310 g Dimensions : G\u00e9ode10 x 8 x 7 cm Trilobite : 6 cm L'arri\u00e8re du trilobite d\u00e9passe du tubercule.<\/p>","protected":false},"featured_media":2299,"template":"","meta":{"_acf_changed":false},"region":[],"product_brand":[],"product_cat":[15],"product_tag":[],"class_list":{"0":"post-2298","1":"product","2":"type-product","3":"status-publish","4":"has-post-thumbnail","6":"product_cat-mineralien","8":"first","9":"outofstock","10":"sold-individually","11":"product-type-simple"},"acf":[],"_links":{"self":[{"href":"https:\/\/westgem.shop\/fr\/wp-json\/wp\/v2\/product\/2298","targetHints":{"allow":["GET"]}}],"collection":[{"href":"https:\/\/westgem.shop\/fr\/wp-json\/wp\/v2\/product"}],"about":[{"href":"https:\/\/westgem.shop\/fr\/wp-json\/wp\/v2\/types\/product"}],"wp:featuredmedia":[{"embeddable":true,"href":"https:\/\/westgem.shop\/fr\/wp-json\/wp\/v2\/media\/2299"}],"wp:attachment":[{"href":"https:\/\/westgem.shop\/fr\/wp-json\/wp\/v2\/media?parent=2298"}],"wp:term":[{"taxonomy":"region","embeddable":true,"href":"https:\/\/westgem.shop\/fr\/wp-json\/wp\/v2\/region?post=2298"},{"taxonomy":"product_brand","embeddable":true,"href":"https:\/\/westgem.shop\/fr\/wp-json\/wp\/v2\/product_brand?post=2298"},{"taxonomy":"product_cat","embeddable":true,"href":"https:\/\/westgem.shop\/fr\/wp-json\/wp\/v2\/product_cat?post=2298"},{"taxonomy":"product_tag","embeddable":true,"href":"https:\/\/westgem.shop\/fr\/wp-json\/wp\/v2\/product_tag?post=2298"}],"curies":[{"name":"wp","href":"https:\/\/api.w.org\/{rel}","templated":true}]}}