{"id":2308,"date":"2000-11-21T00:00:00","date_gmt":"2000-11-21T00:00:00","guid":{"rendered":"https:\/\/miners.rocks\/product\/trilobit-450-mio-jahre-alt\/"},"modified":"2020-05-19T16:57:41","modified_gmt":"2020-05-19T16:57:41","slug":"trilobite-450-millions-dannees","status":"publish","type":"product","link":"https:\/\/westgem.shop\/fr\/produit\/trilobite-450-millions-dannees\/","title":{"rendered":"TRILOBIT - 450 millions d'ann\u00e9es"},"content":{"rendered":"<p>poids : 370 g<\/p>\n<p>Dimensions : 11 x 8 x 6 cm Trilobite mesure 5,5 cm de long<\/p>\n<p>La t\u00eate d\u00e9passe largement du tubercule ferm\u00e9 - Voir photo 3<\/p>","protected":false},"excerpt":{"rendered":"<p>Poids : 370 g Dimensions : 11 x 8 x 6 cm Le trilobite mesure 5,5 cm de long La t\u00eate d\u00e9passe largement du tubercule ferm\u00e9 - Voir photo 3<\/p>","protected":false},"featured_media":2309,"template":"","meta":{"_acf_changed":false},"region":[],"product_brand":[],"product_cat":[15],"product_tag":[],"class_list":{"0":"post-2308","1":"product","2":"type-product","3":"status-publish","4":"has-post-thumbnail","6":"product_cat-mineralien","8":"first","9":"outofstock","10":"sold-individually","11":"product-type-simple"},"acf":[],"_links":{"self":[{"href":"https:\/\/westgem.shop\/fr\/wp-json\/wp\/v2\/product\/2308","targetHints":{"allow":["GET"]}}],"collection":[{"href":"https:\/\/westgem.shop\/fr\/wp-json\/wp\/v2\/product"}],"about":[{"href":"https:\/\/westgem.shop\/fr\/wp-json\/wp\/v2\/types\/product"}],"wp:featuredmedia":[{"embeddable":true,"href":"https:\/\/westgem.shop\/fr\/wp-json\/wp\/v2\/media\/2309"}],"wp:attachment":[{"href":"https:\/\/westgem.shop\/fr\/wp-json\/wp\/v2\/media?parent=2308"}],"wp:term":[{"taxonomy":"region","embeddable":true,"href":"https:\/\/westgem.shop\/fr\/wp-json\/wp\/v2\/region?post=2308"},{"taxonomy":"product_brand","embeddable":true,"href":"https:\/\/westgem.shop\/fr\/wp-json\/wp\/v2\/product_brand?post=2308"},{"taxonomy":"product_cat","embeddable":true,"href":"https:\/\/westgem.shop\/fr\/wp-json\/wp\/v2\/product_cat?post=2308"},{"taxonomy":"product_tag","embeddable":true,"href":"https:\/\/westgem.shop\/fr\/wp-json\/wp\/v2\/product_tag?post=2308"}],"curies":[{"name":"wp","href":"https:\/\/api.w.org\/{rel}","templated":true}]}}