{"id":2312,"date":"2000-11-22T00:00:00","date_gmt":"2000-11-22T00:00:00","guid":{"rendered":"https:\/\/miners.rocks\/product\/trilobit-flexicalimene\/"},"modified":"2020-05-19T16:57:42","modified_gmt":"2020-05-19T16:57:42","slug":"trilobite-flexicalimene","status":"publish","type":"product","link":"https:\/\/westgem.shop\/fr\/produit\/trilobite-flexicalimene\/","title":{"rendered":"TRILOBITE - FLEXICALIMENE"},"content":{"rendered":"<p><u>TRILOBIT - Flexicalimene <\/u>     <u>ORIGINAL FOSSIL !<\/u><\/p>\n<p>G\u00e9odes de calcaire marneux - la carapace calcaire protectrice a permis la conservation du TRILOBITTE sur une p\u00e9riode de 450 millions d'ann\u00e9es.<\/p>\n<p>Lieu de d\u00e9couverte : Alnif dans l'est du MONTAGNE D'ATLAS. <\/p>\n<p>Afrique du Nord <\/p>\n<p>Le site a toutefois \u00e9t\u00e9 nettoy\u00e9 depuis des ann\u00e9es !<\/p>\n<p>Dimensions : 11 x 7 x 6 cm Fossile mesure 7 cm de long<\/p>\n<p>La figure 3 montre la g\u00e9ode ferm\u00e9e.<\/p>","protected":false},"excerpt":{"rendered":"<p>TRILOBIT - Flexicalim\u00e8ne FOSSILE ORIGINAL ! G\u00e9odes de calcaire marneux - la carapace calcaire protectrice a permis la conservation du TRILOBITEN sur une p\u00e9riode de 450 millions d'ann\u00e9es. Lieu de d\u00e9couverte : Alnif dans l'est du MONT ATLASGE Afrique du Nord Le site a toutefois \u00e9t\u00e9 nettoy\u00e9 depuis des ann\u00e9es ! Dimensions : 11 x 7 x 6 cm Le fossile mesure 7 cm de long La photo 3 montre [...].<\/p>","protected":false},"featured_media":2313,"template":"","meta":{"_acf_changed":false},"region":[],"product_brand":[],"product_cat":[15],"product_tag":[],"class_list":{"0":"post-2312","1":"product","2":"type-product","3":"status-publish","4":"has-post-thumbnail","6":"product_cat-mineralien","8":"first","9":"outofstock","10":"sold-individually","11":"product-type-simple"},"acf":[],"_links":{"self":[{"href":"https:\/\/westgem.shop\/fr\/wp-json\/wp\/v2\/product\/2312","targetHints":{"allow":["GET"]}}],"collection":[{"href":"https:\/\/westgem.shop\/fr\/wp-json\/wp\/v2\/product"}],"about":[{"href":"https:\/\/westgem.shop\/fr\/wp-json\/wp\/v2\/types\/product"}],"wp:featuredmedia":[{"embeddable":true,"href":"https:\/\/westgem.shop\/fr\/wp-json\/wp\/v2\/media\/2313"}],"wp:attachment":[{"href":"https:\/\/westgem.shop\/fr\/wp-json\/wp\/v2\/media?parent=2312"}],"wp:term":[{"taxonomy":"region","embeddable":true,"href":"https:\/\/westgem.shop\/fr\/wp-json\/wp\/v2\/region?post=2312"},{"taxonomy":"product_brand","embeddable":true,"href":"https:\/\/westgem.shop\/fr\/wp-json\/wp\/v2\/product_brand?post=2312"},{"taxonomy":"product_cat","embeddable":true,"href":"https:\/\/westgem.shop\/fr\/wp-json\/wp\/v2\/product_cat?post=2312"},{"taxonomy":"product_tag","embeddable":true,"href":"https:\/\/westgem.shop\/fr\/wp-json\/wp\/v2\/product_tag?post=2312"}],"curies":[{"name":"wp","href":"https:\/\/api.w.org\/{rel}","templated":true}]}}