{"id":2316,"date":"2000-11-23T00:00:00","date_gmt":"2000-11-23T00:00:00","guid":{"rendered":"https:\/\/miners.rocks\/product\/lapislazuli-chile\/"},"modified":"2020-05-19T16:57:42","modified_gmt":"2020-05-19T16:57:42","slug":"lapis-lazuli-chili","status":"publish","type":"product","link":"https:\/\/westgem.shop\/fr\/produit\/lapis-lazuli-chili\/","title":{"rendered":"LAPIS-LAZULI - CHILI"},"content":{"rendered":"<p>La pierre nationale du Chili est aussi appel\u00e9e \"l'or bleu\" des Andes.<\/p>\n<p>Contrairement au fameux LAPISLAZULI d'Afghanistan, le Chili poss\u00e8de beaucoup moins de PYRITE. En outre, la couleur est l\u00e9g\u00e8rement diff\u00e9rente et la wollastonite, un min\u00e9ral gris, est parfois pr\u00e9sente en plus grande quantit\u00e9. De plus, la calcite blanche est un min\u00e9ral associ\u00e9.<\/p>\n<p>Poids : 1,7 kilogramme Dim.:16 x 11 x 7 cm<\/p>\n<p>Le lieu de la d\u00e9couverte est Ovalle dans la province de Linari . L'extraction se fait dans les Andes \u00e0 plus de 3.600 m\u00e8tres d'altitude.<\/p>\n<p>Mine Las Flores de Las Andes.<\/p>","protected":false},"excerpt":{"rendered":"<p>La pierre nationale du Chili est \u00e9galement appel\u00e9e \"l'or bleu\" des Andes. Contrairement au c\u00e9l\u00e8bre LAPISLAZULI d'Afghanistan, le lapis PYRITE du Chili est beaucoup plus rare. En outre, la couleur est l\u00e9g\u00e8rement diff\u00e9rente et la wollastonite, un min\u00e9ral gris, est parfois pr\u00e9sente en plus grande quantit\u00e9. De plus, la calcite blanche est un min\u00e9ral associ\u00e9. Poids : 1,7 kg [...]<\/p>","protected":false},"featured_media":2317,"template":"","meta":{"_acf_changed":false},"region":[],"product_brand":[],"product_cat":[15],"product_tag":[],"class_list":{"0":"post-2316","1":"product","2":"type-product","3":"status-publish","4":"has-post-thumbnail","6":"product_cat-mineralien","8":"first","9":"outofstock","10":"sold-individually","11":"product-type-simple"},"acf":[],"_links":{"self":[{"href":"https:\/\/westgem.shop\/fr\/wp-json\/wp\/v2\/product\/2316","targetHints":{"allow":["GET"]}}],"collection":[{"href":"https:\/\/westgem.shop\/fr\/wp-json\/wp\/v2\/product"}],"about":[{"href":"https:\/\/westgem.shop\/fr\/wp-json\/wp\/v2\/types\/product"}],"wp:featuredmedia":[{"embeddable":true,"href":"https:\/\/westgem.shop\/fr\/wp-json\/wp\/v2\/media\/2317"}],"wp:attachment":[{"href":"https:\/\/westgem.shop\/fr\/wp-json\/wp\/v2\/media?parent=2316"}],"wp:term":[{"taxonomy":"region","embeddable":true,"href":"https:\/\/westgem.shop\/fr\/wp-json\/wp\/v2\/region?post=2316"},{"taxonomy":"product_brand","embeddable":true,"href":"https:\/\/westgem.shop\/fr\/wp-json\/wp\/v2\/product_brand?post=2316"},{"taxonomy":"product_cat","embeddable":true,"href":"https:\/\/westgem.shop\/fr\/wp-json\/wp\/v2\/product_cat?post=2316"},{"taxonomy":"product_tag","embeddable":true,"href":"https:\/\/westgem.shop\/fr\/wp-json\/wp\/v2\/product_tag?post=2316"}],"curies":[{"name":"wp","href":"https:\/\/api.w.org\/{rel}","templated":true}]}}