{"id":2329,"date":"2000-11-26T00:00:00","date_gmt":"2000-11-26T00:00:00","guid":{"rendered":"https:\/\/miners.rocks\/product\/1a-selenit-halit-stufe\/"},"modified":"2020-05-19T16:57:44","modified_gmt":"2020-05-19T16:57:44","slug":"1a-selenite-halite-niveau","status":"publish","type":"product","link":"https:\/\/westgem.shop\/fr\/produit\/1a-selenite-halite-niveau\/","title":{"rendered":"1A SELENIT \/ HALIT Niveau"},"content":{"rendered":"<p>Tr\u00e8s belle marche en HALITE\/STEINSALZ avec des cristaux de SELENIT parfaits et intacts avec les faces terminales typiques en \"queue d'aronde\".<\/p>\n<p>Nous avons achet\u00e9 il y a 2 ans un lot de marches de premi\u00e8re qualit\u00e9 \u00e0 la mine Salinas de Pacas au P\u00e9rou. Nous n'avons pas encore vu de telles pi\u00e8ces.<\/p>\n<p>La mine de sel est situ\u00e9e sur la c\u00f4te de l'Oc\u00e9an Pacifique et se trouve \u00e0 environ 40 m\u00e8tres sous le niveau de la mer.<\/p>\n<p>Le poids de cette superbe marche est de 120 g. Dimensions : 9 x 7,5 x 6 cm <\/p>\n<p>S\u00e9l\u00e9nite xx jusqu'\u00e0 3,5 cm<\/p>","protected":false},"excerpt":{"rendered":"<p>Tr\u00e8s belle marche en HALITE\/SALZ PIERRE avec des cristaux de SELENIT parfaits et intacts, avec les faces terminales typiques en \"queue d'aronde\". Nous avons achet\u00e9 il y a 2 ans un lot de marches de premi\u00e8re qualit\u00e9 \u00e0 la mine de Salinas de Pacas au P\u00e9rou. De telles pi\u00e8ces ne sont en fait propos\u00e9es nulle part ailleurs, du moins nous n'en avons pas encore vu. La mine de sel est situ\u00e9e sur la [...].<\/p>","protected":false},"featured_media":2330,"template":"","meta":{"_acf_changed":false},"region":[],"product_brand":[],"product_cat":[15],"product_tag":[],"class_list":{"0":"post-2329","1":"product","2":"type-product","3":"status-publish","4":"has-post-thumbnail","6":"product_cat-mineralien","8":"first","9":"outofstock","10":"sold-individually","11":"product-type-simple"},"acf":[],"_links":{"self":[{"href":"https:\/\/westgem.shop\/fr\/wp-json\/wp\/v2\/product\/2329","targetHints":{"allow":["GET"]}}],"collection":[{"href":"https:\/\/westgem.shop\/fr\/wp-json\/wp\/v2\/product"}],"about":[{"href":"https:\/\/westgem.shop\/fr\/wp-json\/wp\/v2\/types\/product"}],"wp:featuredmedia":[{"embeddable":true,"href":"https:\/\/westgem.shop\/fr\/wp-json\/wp\/v2\/media\/2330"}],"wp:attachment":[{"href":"https:\/\/westgem.shop\/fr\/wp-json\/wp\/v2\/media?parent=2329"}],"wp:term":[{"taxonomy":"region","embeddable":true,"href":"https:\/\/westgem.shop\/fr\/wp-json\/wp\/v2\/region?post=2329"},{"taxonomy":"product_brand","embeddable":true,"href":"https:\/\/westgem.shop\/fr\/wp-json\/wp\/v2\/product_brand?post=2329"},{"taxonomy":"product_cat","embeddable":true,"href":"https:\/\/westgem.shop\/fr\/wp-json\/wp\/v2\/product_cat?post=2329"},{"taxonomy":"product_tag","embeddable":true,"href":"https:\/\/westgem.shop\/fr\/wp-json\/wp\/v2\/product_tag?post=2329"}],"curies":[{"name":"wp","href":"https:\/\/api.w.org\/{rel}","templated":true}]}}