{"id":2333,"date":"2000-11-27T00:00:00","date_gmt":"2000-11-27T00:00:00","guid":{"rendered":"https:\/\/miners.rocks\/product\/top-stufe-halit-selenit-xx\/"},"modified":"2020-05-19T16:57:44","modified_gmt":"2020-05-19T16:57:44","slug":"niveau-superieur-halite-selenite-xx","status":"publish","type":"product","link":"https:\/\/westgem.shop\/fr\/produit\/niveau-superieur-halite-selenite-xx\/","title":{"rendered":"Niveau TOP HALIT\/SELENIT xx"},"content":{"rendered":"<p>Il y a deux ans, nous avons achet\u00e9 un lot de marches en STEINSALZ de premi\u00e8re qualit\u00e9, car nous n'avions jamais vu ce mat\u00e9riau sous cette forme.<\/p>\n<p>Cristaux blancs de HALITE et cristaux de SELENITE l\u00e9g\u00e8rement orang\u00e9s avec des faces terminales typiques dites \"en queue d'aronde\", \u00e0 un tr\u00e8s bon niveau.<\/p>\n<p>La mine de sel p\u00e9ruvienne Salinas de Paracas est situ\u00e9e sur la c\u00f4te de l'Oc\u00e9an Pacifique - l'exploitation se fait \u00e0 environ 40 m\u00e8tres sous le niveau de la mer.<\/p>\n<p>Poids de la marche : 260 g Dimensions : 13 x 10 x 7 cm<\/p>\n<p>HALIT xx jusqu'\u00e0 2 cm Cube SELENIT xx jusqu'\u00e0 4 cm de long<\/p>","protected":false},"excerpt":{"rendered":"<p>Il y a deux ans, nous avons achet\u00e9 un lot de marches en STEINSALZ de premi\u00e8re qualit\u00e9, car nous n'avions encore jamais vu ce mat\u00e9riau sous cette forme. Des cristaux blancs de HALITE et des cristaux l\u00e9g\u00e8rement orang\u00e9s de SELENITE avec des faces typiques en \"queue d'aronde\", sur un tr\u00e8s bon niveau. La mine de sel p\u00e9ruvienne Salinas de Paracas est situ\u00e9e sur la c\u00f4te de l'Oc\u00e9an Pacifique [...].<\/p>","protected":false},"featured_media":2334,"template":"","meta":{"_acf_changed":false},"region":[],"product_brand":[],"product_cat":[15],"product_tag":[],"class_list":{"0":"post-2333","1":"product","2":"type-product","3":"status-publish","4":"has-post-thumbnail","6":"product_cat-mineralien","8":"first","9":"outofstock","10":"sold-individually","11":"product-type-simple"},"acf":[],"_links":{"self":[{"href":"https:\/\/westgem.shop\/fr\/wp-json\/wp\/v2\/product\/2333","targetHints":{"allow":["GET"]}}],"collection":[{"href":"https:\/\/westgem.shop\/fr\/wp-json\/wp\/v2\/product"}],"about":[{"href":"https:\/\/westgem.shop\/fr\/wp-json\/wp\/v2\/types\/product"}],"wp:featuredmedia":[{"embeddable":true,"href":"https:\/\/westgem.shop\/fr\/wp-json\/wp\/v2\/media\/2334"}],"wp:attachment":[{"href":"https:\/\/westgem.shop\/fr\/wp-json\/wp\/v2\/media?parent=2333"}],"wp:term":[{"taxonomy":"region","embeddable":true,"href":"https:\/\/westgem.shop\/fr\/wp-json\/wp\/v2\/region?post=2333"},{"taxonomy":"product_brand","embeddable":true,"href":"https:\/\/westgem.shop\/fr\/wp-json\/wp\/v2\/product_brand?post=2333"},{"taxonomy":"product_cat","embeddable":true,"href":"https:\/\/westgem.shop\/fr\/wp-json\/wp\/v2\/product_cat?post=2333"},{"taxonomy":"product_tag","embeddable":true,"href":"https:\/\/westgem.shop\/fr\/wp-json\/wp\/v2\/product_tag?post=2333"}],"curies":[{"name":"wp","href":"https:\/\/api.w.org\/{rel}","templated":true}]}}