{"id":2337,"date":"2000-11-28T00:00:00","date_gmt":"2000-11-28T00:00:00","guid":{"rendered":"https:\/\/miners.rocks\/product\/brochantit-xx\/"},"modified":"2020-05-19T16:57:45","modified_gmt":"2020-05-19T16:57:45","slug":"brochantit-xx","status":"publish","type":"product","link":"https:\/\/westgem.shop\/fr\/produit\/brochantit-xx\/","title":{"rendered":"BROCHANTITE xx"},"content":{"rendered":"<p>La BROCHANTITE est un min\u00e9ral sulfat\u00e9 rare. Sa couleur est vert \u00e9meraude et ses surfaces pr\u00e9sentent un \u00e9clat vitreux. La BROCHANTITE se forme dans les zones d'oxydation des gisements de cuivre.<\/p>\n<p>Trouv\u00e9 pour la premi\u00e8re fois en 1824 dans l'Oural en Russie.<\/p>\n<p>Sur ce niveau, on trouve encore beaucoup de boucles de gypse (s\u00e9l\u00e9nite), de dolomite et d'azurite.<\/p>\n<p>Pi\u00e8ce ancienne de Tuissit en Afrique du Nord.<\/p>\n<p>Les photos montrent l'avant et l'arri\u00e8re de la marche - la BROCHANTITE est abondante partout.<\/p>\n<p>Poids : 1,3 kilogramme Dimensions:18 x 13 x 8 cm<\/p>\n<p>PRIX EXCEPTIONNEL pour un tel niveau !<\/p>","protected":false},"excerpt":{"rendered":"<p>La BROCHANTITE est un min\u00e9ral sulfat\u00e9 rare. Sa couleur est vert \u00e9meraude et ses surfaces pr\u00e9sentent un \u00e9clat vitreux. La BROCHANTITE se forme dans les zones d'oxydation des gisements de cuivre. D\u00e9couverte pour la premi\u00e8re fois en 1824 dans l'Oural en Russie. \u00c0 ce niveau, on trouve encore beaucoup de boucles de gypse (s\u00e9l\u00e9nite), de dolomite et d'azurite. Ancienne pi\u00e8ce de Tuissit en Afrique du Nord. Les photos montrent le devant [...]<\/p>","protected":false},"featured_media":2338,"template":"","meta":{"_acf_changed":false},"region":[],"product_brand":[],"product_cat":[15],"product_tag":[],"class_list":{"0":"post-2337","1":"product","2":"type-product","3":"status-publish","4":"has-post-thumbnail","6":"product_cat-mineralien","8":"first","9":"outofstock","10":"sold-individually","11":"product-type-simple"},"acf":[],"_links":{"self":[{"href":"https:\/\/westgem.shop\/fr\/wp-json\/wp\/v2\/product\/2337","targetHints":{"allow":["GET"]}}],"collection":[{"href":"https:\/\/westgem.shop\/fr\/wp-json\/wp\/v2\/product"}],"about":[{"href":"https:\/\/westgem.shop\/fr\/wp-json\/wp\/v2\/types\/product"}],"wp:featuredmedia":[{"embeddable":true,"href":"https:\/\/westgem.shop\/fr\/wp-json\/wp\/v2\/media\/2338"}],"wp:attachment":[{"href":"https:\/\/westgem.shop\/fr\/wp-json\/wp\/v2\/media?parent=2337"}],"wp:term":[{"taxonomy":"region","embeddable":true,"href":"https:\/\/westgem.shop\/fr\/wp-json\/wp\/v2\/region?post=2337"},{"taxonomy":"product_brand","embeddable":true,"href":"https:\/\/westgem.shop\/fr\/wp-json\/wp\/v2\/product_brand?post=2337"},{"taxonomy":"product_cat","embeddable":true,"href":"https:\/\/westgem.shop\/fr\/wp-json\/wp\/v2\/product_cat?post=2337"},{"taxonomy":"product_tag","embeddable":true,"href":"https:\/\/westgem.shop\/fr\/wp-json\/wp\/v2\/product_tag?post=2337"}],"curies":[{"name":"wp","href":"https:\/\/api.w.org\/{rel}","templated":true}]}}