{"id":2342,"date":"2000-11-29T00:00:00","date_gmt":"2000-11-29T00:00:00","guid":{"rendered":"https:\/\/miners.rocks\/product\/falkenauge-aa\/"},"modified":"2020-05-19T16:57:45","modified_gmt":"2020-05-19T16:57:45","slug":"oeil-de-faucon-aa","status":"publish","type":"product","link":"https:\/\/westgem.shop\/fr\/produit\/oeil-de-faucon-aa\/","title":{"rendered":"\u0152il de faucon AA"},"content":{"rendered":"<p>Pendentif , pi\u00e8ce unique faite \u00e0 la main.<\/p>\n<p>Monture en argent massif - avec anneau pour pendentif - tout est Made in Austria !<\/p>\n<p>Pierre : Oeil de faucon de premi\u00e8re qualit\u00e9 avec de superbes \u00e9cailles de surface provenant du Griqualand en Afrique du Sud .<\/p>\n<p>Il ne s'agit PAS d'un produit asiatique de masse. Les clients qui attachent de l'importance aux pi\u00e8ces uniques et exquises seront ravis d'acheter ce pendentif.<\/p>\n<p>Le collier visible en partie n'est pas compris dans la livraison.<\/p>\n<p>Le pendentif p\u00e8se 5,5 g et mesure au total 3,5 cm de long, 1,5 cm de large et 0,6 cm de haut.  La monture du pendentif est un miroir continu avec un grand anneau.<\/p>","protected":false},"excerpt":{"rendered":"<p>Pendentif , pi\u00e8ce unique faite \u00e0 la main. Monture en argent massif - avec anneau pour pendentif - tout est Made in Austria ! Pierre : Oeil de faucon de premi\u00e8re qualit\u00e9 avec de superbes irisations de Griqualand en Afrique du Sud. Ce n'est PAS un produit de masse asiatique. Les clients qui attachent de l'importance aux pi\u00e8ces uniques et exquises seront ravis de ce pendentif. Le collier en partie visible est [...].<\/p>","protected":false},"featured_media":2343,"template":"","meta":{"_acf_changed":false},"region":[],"product_brand":[],"product_cat":[15],"product_tag":[],"class_list":{"0":"post-2342","1":"product","2":"type-product","3":"status-publish","4":"has-post-thumbnail","6":"product_cat-mineralien","8":"first","9":"outofstock","10":"sold-individually","11":"product-type-simple"},"acf":[],"_links":{"self":[{"href":"https:\/\/westgem.shop\/fr\/wp-json\/wp\/v2\/product\/2342","targetHints":{"allow":["GET"]}}],"collection":[{"href":"https:\/\/westgem.shop\/fr\/wp-json\/wp\/v2\/product"}],"about":[{"href":"https:\/\/westgem.shop\/fr\/wp-json\/wp\/v2\/types\/product"}],"wp:featuredmedia":[{"embeddable":true,"href":"https:\/\/westgem.shop\/fr\/wp-json\/wp\/v2\/media\/2343"}],"wp:attachment":[{"href":"https:\/\/westgem.shop\/fr\/wp-json\/wp\/v2\/media?parent=2342"}],"wp:term":[{"taxonomy":"region","embeddable":true,"href":"https:\/\/westgem.shop\/fr\/wp-json\/wp\/v2\/region?post=2342"},{"taxonomy":"product_brand","embeddable":true,"href":"https:\/\/westgem.shop\/fr\/wp-json\/wp\/v2\/product_brand?post=2342"},{"taxonomy":"product_cat","embeddable":true,"href":"https:\/\/westgem.shop\/fr\/wp-json\/wp\/v2\/product_cat?post=2342"},{"taxonomy":"product_tag","embeddable":true,"href":"https:\/\/westgem.shop\/fr\/wp-json\/wp\/v2\/product_tag?post=2342"}],"curies":[{"name":"wp","href":"https:\/\/api.w.org\/{rel}","templated":true}]}}