{"id":2349,"date":"2000-11-30T00:00:00","date_gmt":"2000-11-30T00:00:00","guid":{"rendered":"https:\/\/miners.rocks\/product\/las-vigas-amethyst-anhaenger\/"},"modified":"2020-05-19T16:57:46","modified_gmt":"2020-05-19T16:57:46","slug":"las-vigas-pendentif-amethyste","status":"publish","type":"product","link":"https:\/\/westgem.shop\/fr\/produit\/las-vigas-pendentif-amethyste\/","title":{"rendered":"Las Vigas AMETHYST - Pendentif"},"content":{"rendered":"<p>Simple <u>CRISTAL DE SCEPTRE D'AM\u00c9THYSTE<\/u> - Cultiv\u00e9 naturellement - Non ponc\u00e9.<\/p>\n<p>Le cristal provient du c\u00e9l\u00e8bre site de Las Vigas - Mexique.<\/p>\n<p>Nous avons ins\u00e9r\u00e9 le cristal dans une monture en argent massif, avec un anneau de pendentif solide, \u00e9galement en argent pur.<\/p>\n<p>travail d'orf\u00e8vre autrichien !<\/p>\n<p>Excellent accroche-regard pour les femmes ou les hommes g\u00e2t\u00e9s.<\/p>\n<p>Une pi\u00e8ce unique !<\/p>\n<p>Poids : 7 g Dimensions : Longueur totale 4,5 cm<\/p>\n<p>La cha\u00eene en argent illustr\u00e9e n'est pas comprise dans la livraison.<\/p>","protected":false},"excerpt":{"rendered":"<p>CRISTAL ZEPTER AMETHYSTE unique - Cultiv\u00e9 naturellement - Non taill\u00e9. Le cristal provient du c\u00e9l\u00e8bre site de Las Vigas - Mexique. Nous avons mont\u00e9 le cristal dans une monture en argent massif, avec un anneau de pendentif solide, \u00e9galement en argent pur. Travail d'orf\u00e8vre autrichien ! Excellent accroche-regard pour les femmes et les hommes g\u00e2t\u00e9s. Une pi\u00e8ce unique absolue ! Poids : [...]<\/p>","protected":false},"featured_media":2350,"template":"","meta":{"_acf_changed":false},"region":[],"product_brand":[],"product_cat":[15],"product_tag":[],"class_list":{"0":"post-2349","1":"product","2":"type-product","3":"status-publish","4":"has-post-thumbnail","6":"product_cat-mineralien","8":"first","9":"outofstock","10":"sold-individually","11":"product-type-simple"},"acf":[],"_links":{"self":[{"href":"https:\/\/westgem.shop\/fr\/wp-json\/wp\/v2\/product\/2349","targetHints":{"allow":["GET"]}}],"collection":[{"href":"https:\/\/westgem.shop\/fr\/wp-json\/wp\/v2\/product"}],"about":[{"href":"https:\/\/westgem.shop\/fr\/wp-json\/wp\/v2\/types\/product"}],"wp:featuredmedia":[{"embeddable":true,"href":"https:\/\/westgem.shop\/fr\/wp-json\/wp\/v2\/media\/2350"}],"wp:attachment":[{"href":"https:\/\/westgem.shop\/fr\/wp-json\/wp\/v2\/media?parent=2349"}],"wp:term":[{"taxonomy":"region","embeddable":true,"href":"https:\/\/westgem.shop\/fr\/wp-json\/wp\/v2\/region?post=2349"},{"taxonomy":"product_brand","embeddable":true,"href":"https:\/\/westgem.shop\/fr\/wp-json\/wp\/v2\/product_brand?post=2349"},{"taxonomy":"product_cat","embeddable":true,"href":"https:\/\/westgem.shop\/fr\/wp-json\/wp\/v2\/product_cat?post=2349"},{"taxonomy":"product_tag","embeddable":true,"href":"https:\/\/westgem.shop\/fr\/wp-json\/wp\/v2\/product_tag?post=2349"}],"curies":[{"name":"wp","href":"https:\/\/api.w.org\/{rel}","templated":true}]}}