{"id":2352,"date":"2000-12-01T00:00:00","date_gmt":"2000-12-01T00:00:00","guid":{"rendered":"https:\/\/miners.rocks\/product\/kukersit\/"},"modified":"2020-05-19T16:57:46","modified_gmt":"2020-05-19T16:57:46","slug":"kukersit","status":"publish","type":"product","link":"https:\/\/westgem.shop\/fr\/produit\/kukersit\/","title":{"rendered":"KUKERSIT"},"content":{"rendered":"<p>La KUKERSIT est une roche s\u00e9dimentaire de l'Odovizium. En raison de sa forte teneur en huile (jusqu'\u00e0 45 %), elle est inflammable.<\/p>\n<\/p>\n<p>La KUKERSIT est une roche de schiste bitumineux contenant des FOSSILES, ici des spinif\u00e8res et des bryozoaires.<\/p>\n<\/p>\n<p>On le trouve dans le nord de la Russie et en Estonie.<\/p>\n<\/p>\n<p>Poids : 26 g Dimensions : 9 x 7 x 0,5 cm<\/p>","protected":false},"excerpt":{"rendered":"<p>La KUKERSIT est une roche s\u00e9dimentaire de l'Odovizium. En raison de sa forte teneur en huile (jusqu'\u00e0 45 %), elle est combustible. La KUKERSIT est une roche de schiste bitumineux avec des FOSSILES, ici des spinif\u00e8res et des bryozoaires. Il a \u00e9t\u00e9 trouv\u00e9 dans le nord de la Russie et en Estonie. Poids : 26 g Dimensions : 9 x 7 x 0,5 cm<\/p>","protected":false},"featured_media":2353,"template":"","meta":{"_acf_changed":false},"region":[],"product_brand":[],"product_cat":[15],"product_tag":[],"class_list":{"0":"post-2352","1":"product","2":"type-product","3":"status-publish","4":"has-post-thumbnail","6":"product_cat-mineralien","8":"first","9":"outofstock","10":"sold-individually","11":"product-type-simple"},"acf":[],"_links":{"self":[{"href":"https:\/\/westgem.shop\/fr\/wp-json\/wp\/v2\/product\/2352","targetHints":{"allow":["GET"]}}],"collection":[{"href":"https:\/\/westgem.shop\/fr\/wp-json\/wp\/v2\/product"}],"about":[{"href":"https:\/\/westgem.shop\/fr\/wp-json\/wp\/v2\/types\/product"}],"wp:featuredmedia":[{"embeddable":true,"href":"https:\/\/westgem.shop\/fr\/wp-json\/wp\/v2\/media\/2353"}],"wp:attachment":[{"href":"https:\/\/westgem.shop\/fr\/wp-json\/wp\/v2\/media?parent=2352"}],"wp:term":[{"taxonomy":"region","embeddable":true,"href":"https:\/\/westgem.shop\/fr\/wp-json\/wp\/v2\/region?post=2352"},{"taxonomy":"product_brand","embeddable":true,"href":"https:\/\/westgem.shop\/fr\/wp-json\/wp\/v2\/product_brand?post=2352"},{"taxonomy":"product_cat","embeddable":true,"href":"https:\/\/westgem.shop\/fr\/wp-json\/wp\/v2\/product_cat?post=2352"},{"taxonomy":"product_tag","embeddable":true,"href":"https:\/\/westgem.shop\/fr\/wp-json\/wp\/v2\/product_tag?post=2352"}],"curies":[{"name":"wp","href":"https:\/\/api.w.org\/{rel}","templated":true}]}}