{"id":2354,"date":"2000-12-02T00:00:00","date_gmt":"2000-12-02T00:00:00","guid":{"rendered":"https:\/\/miners.rocks\/product\/ilvait-xx-elba\/"},"modified":"2020-05-19T16:57:46","modified_gmt":"2020-05-19T16:57:46","slug":"ilvait-xx-elba","status":"publish","type":"product","link":"https:\/\/westgem.shop\/fr\/produit\/ilvait-xx-elba\/","title":{"rendered":"ILVAIT xx - ELBA"},"content":{"rendered":"<p>Min\u00e9ral de silicate de fer de formule chimique : CaFe3OSi2O7(OH).<\/p>\n<p>Cristaux noirs, en forme de tige, avec un \u00e9clat de diamant, provenant de la localit\u00e9 type.<\/p>\n<p>ILVA est l'ancien nom d'ELBA.<\/p>\n<p>Il a \u00e9t\u00e9 trouv\u00e9 \u00e0 Rio Marinas.<\/p>\n<p>Poids : 110 g Dimensions : 6 x 4,5 x 3 cm<\/p>","protected":false},"excerpt":{"rendered":"<p>Min\u00e9ral de silicate de fer de formule chimique : CaFe3OSi2O7(OH). Cristaux noirs, en forme de b\u00e2tonnets, avec un \u00e9clat de diamant, provenant de la localit\u00e9 type. ILVA est l'ancien nom d'ELBA. Le lieu de d\u00e9couverte est Rio Marinas. Poids : 110 g Dimensions : 6 x 4,5 x 3 cm<\/p>","protected":false},"featured_media":2355,"template":"","meta":{"_acf_changed":false},"region":[],"product_brand":[],"product_cat":[15],"product_tag":[],"class_list":{"0":"post-2354","1":"product","2":"type-product","3":"status-publish","4":"has-post-thumbnail","6":"product_cat-mineralien","8":"first","9":"outofstock","10":"sold-individually","11":"product-type-simple"},"acf":[],"_links":{"self":[{"href":"https:\/\/westgem.shop\/fr\/wp-json\/wp\/v2\/product\/2354","targetHints":{"allow":["GET"]}}],"collection":[{"href":"https:\/\/westgem.shop\/fr\/wp-json\/wp\/v2\/product"}],"about":[{"href":"https:\/\/westgem.shop\/fr\/wp-json\/wp\/v2\/types\/product"}],"wp:featuredmedia":[{"embeddable":true,"href":"https:\/\/westgem.shop\/fr\/wp-json\/wp\/v2\/media\/2355"}],"wp:attachment":[{"href":"https:\/\/westgem.shop\/fr\/wp-json\/wp\/v2\/media?parent=2354"}],"wp:term":[{"taxonomy":"region","embeddable":true,"href":"https:\/\/westgem.shop\/fr\/wp-json\/wp\/v2\/region?post=2354"},{"taxonomy":"product_brand","embeddable":true,"href":"https:\/\/westgem.shop\/fr\/wp-json\/wp\/v2\/product_brand?post=2354"},{"taxonomy":"product_cat","embeddable":true,"href":"https:\/\/westgem.shop\/fr\/wp-json\/wp\/v2\/product_cat?post=2354"},{"taxonomy":"product_tag","embeddable":true,"href":"https:\/\/westgem.shop\/fr\/wp-json\/wp\/v2\/product_tag?post=2354"}],"curies":[{"name":"wp","href":"https:\/\/api.w.org\/{rel}","templated":true}]}}