{"id":2358,"date":"2000-12-03T00:00:00","date_gmt":"2000-12-03T00:00:00","guid":{"rendered":"https:\/\/miners.rocks\/product\/sugilith-rohstein\/"},"modified":"2020-05-19T16:57:47","modified_gmt":"2020-05-19T16:57:47","slug":"pierre-brute-de-sugilite","status":"publish","type":"product","link":"https:\/\/westgem.shop\/fr\/produit\/pierre-brute-de-sugilite\/","title":{"rendered":"SUGILITE - PIERRE BRUTE"},"content":{"rendered":"<p>SUGILITH - Pierre brute<\/p>\n<p>SUGILITH est un min\u00e9ral PEKTOLITH que l'on ne trouve actuellement en grande quantit\u00e9 que dans la mine de WESSELS dans la province du Nord au sud de l'AFRIQUE, l'une des plus grandes mines de MANGANERZ.  C'est le Dr Ken i SUGI qui l'a d\u00e9couverte et lui a donn\u00e9 son nom en 1944. Ces SUGILITHE ont \u00e9t\u00e9 trouv\u00e9es \u00e0 l'\u00e9poque au Fujijama au JAPON.<\/p>\n<p>Cette pi\u00e8ce brute p\u00e8se 270 g et mesure 10 x 8 x 3 cm.<\/p>\n<p>PRIX SPECIAL !  <\/p>","protected":false},"excerpt":{"rendered":"<p>SUGILITH - pierre brute SUGILITH est un min\u00e9ral PEKTOLITH que l'on ne trouve actuellement en grande quantit\u00e9 que dans la mine de WESSELS dans la province du Nord au sud de l'AFRIQUE, l'une des plus grandes mines de MANGANERZ. C'est le Dr Ken i SUGI qui l'a d\u00e9couverte et lui a donn\u00e9 son nom en 1944. Ces SUGILITHE ont \u00e9t\u00e9 trouv\u00e9es \u00e0 l'\u00e9poque au Fujijama au JAPON. Cette pi\u00e8ce brute [...]<\/p>","protected":false},"featured_media":2359,"template":"","meta":{"_acf_changed":false},"region":[],"product_brand":[],"product_cat":[15],"product_tag":[],"class_list":{"0":"post-2358","1":"product","2":"type-product","3":"status-publish","4":"has-post-thumbnail","6":"product_cat-mineralien","8":"first","9":"outofstock","10":"sold-individually","11":"product-type-simple"},"acf":[],"_links":{"self":[{"href":"https:\/\/westgem.shop\/fr\/wp-json\/wp\/v2\/product\/2358","targetHints":{"allow":["GET"]}}],"collection":[{"href":"https:\/\/westgem.shop\/fr\/wp-json\/wp\/v2\/product"}],"about":[{"href":"https:\/\/westgem.shop\/fr\/wp-json\/wp\/v2\/types\/product"}],"wp:featuredmedia":[{"embeddable":true,"href":"https:\/\/westgem.shop\/fr\/wp-json\/wp\/v2\/media\/2359"}],"wp:attachment":[{"href":"https:\/\/westgem.shop\/fr\/wp-json\/wp\/v2\/media?parent=2358"}],"wp:term":[{"taxonomy":"region","embeddable":true,"href":"https:\/\/westgem.shop\/fr\/wp-json\/wp\/v2\/region?post=2358"},{"taxonomy":"product_brand","embeddable":true,"href":"https:\/\/westgem.shop\/fr\/wp-json\/wp\/v2\/product_brand?post=2358"},{"taxonomy":"product_cat","embeddable":true,"href":"https:\/\/westgem.shop\/fr\/wp-json\/wp\/v2\/product_cat?post=2358"},{"taxonomy":"product_tag","embeddable":true,"href":"https:\/\/westgem.shop\/fr\/wp-json\/wp\/v2\/product_tag?post=2358"}],"curies":[{"name":"wp","href":"https:\/\/api.w.org\/{rel}","templated":true}]}}