{"id":2362,"date":"2000-12-04T00:00:00","date_gmt":"2000-12-04T00:00:00","guid":{"rendered":"https:\/\/miners.rocks\/product\/azurit-malachit\/"},"modified":"2020-05-19T16:57:47","modified_gmt":"2020-05-19T16:57:47","slug":"azurite-malachite","status":"publish","type":"product","link":"https:\/\/westgem.shop\/fr\/produit\/azurite-malachite\/","title":{"rendered":"AZURIT - Malachite"},"content":{"rendered":"<p>Bleu intense des petits cristaux d'AZURITE avec de la malachite verte .<\/p>\n<p>La pi\u00e8ce a \u00e9t\u00e9 coup\u00e9e sur un c\u00f4t\u00e9 - mais sinon, elle est rest\u00e9e naturelle.<\/p>\n<p>On le trouve dans les montagnes de l'Atlas en Afrique du Nord.<\/p>\n<p>Poids : 310 g Dimensions : 10 x 9 x 6 cm<\/p>\n<p>L'image 4 est la face arri\u00e8re<\/p>","protected":false},"excerpt":{"rendered":"<p>Bleu intense des petits cristaux d'AZURITE avec de la malachite verte. La pi\u00e8ce a \u00e9t\u00e9 coup\u00e9e sur un c\u00f4t\u00e9, mais est rest\u00e9e naturelle. Elle a \u00e9t\u00e9 trouv\u00e9e dans les montagnes de l'Atlas en Afrique du Nord. Poids : 310 g Dimensions : 10 x 9 x 6 cm La photo 4 montre le verso.<\/p>","protected":false},"featured_media":2363,"template":"","meta":{"_acf_changed":false},"region":[],"product_brand":[],"product_cat":[15],"product_tag":[],"class_list":{"0":"post-2362","1":"product","2":"type-product","3":"status-publish","4":"has-post-thumbnail","6":"product_cat-mineralien","8":"first","9":"outofstock","10":"sold-individually","11":"product-type-simple"},"acf":[],"_links":{"self":[{"href":"https:\/\/westgem.shop\/fr\/wp-json\/wp\/v2\/product\/2362","targetHints":{"allow":["GET"]}}],"collection":[{"href":"https:\/\/westgem.shop\/fr\/wp-json\/wp\/v2\/product"}],"about":[{"href":"https:\/\/westgem.shop\/fr\/wp-json\/wp\/v2\/types\/product"}],"wp:featuredmedia":[{"embeddable":true,"href":"https:\/\/westgem.shop\/fr\/wp-json\/wp\/v2\/media\/2363"}],"wp:attachment":[{"href":"https:\/\/westgem.shop\/fr\/wp-json\/wp\/v2\/media?parent=2362"}],"wp:term":[{"taxonomy":"region","embeddable":true,"href":"https:\/\/westgem.shop\/fr\/wp-json\/wp\/v2\/region?post=2362"},{"taxonomy":"product_brand","embeddable":true,"href":"https:\/\/westgem.shop\/fr\/wp-json\/wp\/v2\/product_brand?post=2362"},{"taxonomy":"product_cat","embeddable":true,"href":"https:\/\/westgem.shop\/fr\/wp-json\/wp\/v2\/product_cat?post=2362"},{"taxonomy":"product_tag","embeddable":true,"href":"https:\/\/westgem.shop\/fr\/wp-json\/wp\/v2\/product_tag?post=2362"}],"curies":[{"name":"wp","href":"https:\/\/api.w.org\/{rel}","templated":true}]}}