{"id":2367,"date":"2000-12-05T00:00:00","date_gmt":"2000-12-05T00:00:00","guid":{"rendered":"https:\/\/miners.rocks\/product\/himalaya-bergkristall-xx\/"},"modified":"2020-05-19T16:57:47","modified_gmt":"2020-05-19T16:57:47","slug":"cristal-de-roche-himalayen-xx","status":"publish","type":"product","link":"https:\/\/westgem.shop\/fr\/produit\/cristal-de-roche-himalayen-xx\/","title":{"rendered":"HIMALAYA CRISTAL DE MONTAGNE xx"},"content":{"rendered":"<p>Etage frais de montagne (non nettoy\u00e9) avec un cristal de roche Solo en habitus rhombo\u00e9drique pointu \"Tessinois\" sur feldspath l\u00e9g\u00e8rement limonis\u00e9 (albite xx)<\/p>\n<p>Ce niveau de quartz provient de l'Himalaya au Pakistan. Le lieu exact de la d\u00e9couverte n'est pas connu.<\/p>\n<p>Poids : 290 g Dimensions : 11 x 9 x 9 cm Le cristal mesure 5 cm de long.<\/p>","protected":false},"excerpt":{"rendered":"<p>Marchepied frais (non nettoy\u00e9) avec un cristal de roche Solo en forme de rhombo\u00e8dre pointu \"Tessinois\" sur feldspath l\u00e9g\u00e8rement limonis\u00e9 (albite xx) Ce marchepied en quartz provient de l'Himalaya au Pakistan. Le lieu exact de la d\u00e9couverte n'est pas connu. Poids : 290 g Dimensions : 11 x 9 x 9 cm Le cristal mesure 5 cm de long.<\/p>","protected":false},"featured_media":2368,"template":"","meta":{"_acf_changed":false},"region":[],"product_brand":[],"product_cat":[15],"product_tag":[],"class_list":{"0":"post-2367","1":"product","2":"type-product","3":"status-publish","4":"has-post-thumbnail","6":"product_cat-mineralien","8":"first","9":"outofstock","10":"sold-individually","11":"product-type-simple"},"acf":[],"_links":{"self":[{"href":"https:\/\/westgem.shop\/fr\/wp-json\/wp\/v2\/product\/2367","targetHints":{"allow":["GET"]}}],"collection":[{"href":"https:\/\/westgem.shop\/fr\/wp-json\/wp\/v2\/product"}],"about":[{"href":"https:\/\/westgem.shop\/fr\/wp-json\/wp\/v2\/types\/product"}],"wp:featuredmedia":[{"embeddable":true,"href":"https:\/\/westgem.shop\/fr\/wp-json\/wp\/v2\/media\/2368"}],"wp:attachment":[{"href":"https:\/\/westgem.shop\/fr\/wp-json\/wp\/v2\/media?parent=2367"}],"wp:term":[{"taxonomy":"region","embeddable":true,"href":"https:\/\/westgem.shop\/fr\/wp-json\/wp\/v2\/region?post=2367"},{"taxonomy":"product_brand","embeddable":true,"href":"https:\/\/westgem.shop\/fr\/wp-json\/wp\/v2\/product_brand?post=2367"},{"taxonomy":"product_cat","embeddable":true,"href":"https:\/\/westgem.shop\/fr\/wp-json\/wp\/v2\/product_cat?post=2367"},{"taxonomy":"product_tag","embeddable":true,"href":"https:\/\/westgem.shop\/fr\/wp-json\/wp\/v2\/product_tag?post=2367"}],"curies":[{"name":"wp","href":"https:\/\/api.w.org\/{rel}","templated":true}]}}