{"id":2376,"date":"2000-12-07T00:00:00","date_gmt":"2000-12-07T00:00:00","guid":{"rendered":"https:\/\/miners.rocks\/product\/sphalerit-xx\/"},"modified":"2020-05-19T16:57:49","modified_gmt":"2020-05-19T16:57:49","slug":"sphalerite-xx","status":"publish","type":"product","link":"https:\/\/westgem.shop\/fr\/produit\/sphalerite-xx\/","title":{"rendered":"SPHALERIT xx"},"content":{"rendered":"<p>SPHALERITE - Blende de zinc , cristaux abondants tr\u00e8s brillants sur une marche, associ\u00e9s \u00e0 du cristal de roche et de la chalcopyrite.<\/p>\n<p>Trouv\u00e9 \u00e0 Huanzala - exploitation mini\u00e8re \u00e0 plus de 4000 m\u00e8tres d'altitude dans les Andes - Am\u00e9rique du Sud - P\u00e9rou.<\/p>\n<p>Poids de la marche est : 830 g Dimensions : 15 x 9 x 8 cm<\/p>\n<p>PRIX SPECIAL !<\/p>\n<p>La photo 4 repr\u00e9sente le dessous de la marche.<\/p>","protected":false},"excerpt":{"rendered":"<p>SPHALERITE - Blende de zinc, cristaux abondants tr\u00e8s brillants sur un niveau, associ\u00e9s \u00e0 du cristal de roche et de la chalcopyrite. Trouv\u00e9 dans une mine de Huanzala \u00e0 plus de 4.000 m\u00e8tres d'altitude dans les Andes d'Am\u00e9rique du Sud - P\u00e9rou. Poids de la marche : 830 g Dimensions : 15 x 9 x 8 cm PRIX SPECIAL ! La photo 4 repr\u00e9sente le dessous de la marche.<\/p>","protected":false},"featured_media":2377,"template":"","meta":{"_acf_changed":false},"region":[],"product_brand":[],"product_cat":[15],"product_tag":[],"class_list":{"0":"post-2376","1":"product","2":"type-product","3":"status-publish","4":"has-post-thumbnail","6":"product_cat-mineralien","8":"first","9":"outofstock","10":"sold-individually","11":"product-type-simple"},"acf":[],"_links":{"self":[{"href":"https:\/\/westgem.shop\/fr\/wp-json\/wp\/v2\/product\/2376","targetHints":{"allow":["GET"]}}],"collection":[{"href":"https:\/\/westgem.shop\/fr\/wp-json\/wp\/v2\/product"}],"about":[{"href":"https:\/\/westgem.shop\/fr\/wp-json\/wp\/v2\/types\/product"}],"wp:featuredmedia":[{"embeddable":true,"href":"https:\/\/westgem.shop\/fr\/wp-json\/wp\/v2\/media\/2377"}],"wp:attachment":[{"href":"https:\/\/westgem.shop\/fr\/wp-json\/wp\/v2\/media?parent=2376"}],"wp:term":[{"taxonomy":"region","embeddable":true,"href":"https:\/\/westgem.shop\/fr\/wp-json\/wp\/v2\/region?post=2376"},{"taxonomy":"product_brand","embeddable":true,"href":"https:\/\/westgem.shop\/fr\/wp-json\/wp\/v2\/product_brand?post=2376"},{"taxonomy":"product_cat","embeddable":true,"href":"https:\/\/westgem.shop\/fr\/wp-json\/wp\/v2\/product_cat?post=2376"},{"taxonomy":"product_tag","embeddable":true,"href":"https:\/\/westgem.shop\/fr\/wp-json\/wp\/v2\/product_tag?post=2376"}],"curies":[{"name":"wp","href":"https:\/\/api.w.org\/{rel}","templated":true}]}}