{"id":2378,"date":"2000-12-08T00:00:00","date_gmt":"2000-12-08T00:00:00","guid":{"rendered":"https:\/\/miners.rocks\/product\/galenit-xx-bk-xx-pyrit-xx\/"},"modified":"2020-05-19T16:57:49","modified_gmt":"2020-05-19T16:57:49","slug":"galene-xx-bk-xx-pyrite-xx","status":"publish","type":"product","link":"https:\/\/westgem.shop\/fr\/produit\/galene-xx-bk-xx-pyrite-xx\/","title":{"rendered":"GALENIT xx BK xx PYRIT xx"},"content":{"rendered":"<p>Marche GALENIT = BLEIGLANZ de premi\u00e8re qualit\u00e9 avec des cristaux tr\u00e8s brillants d'une longueur d'ar\u00eate allant jusqu'\u00e0 3 cm .<\/p>\n<p>Abondance de petites CRISTALES DE MONTAGNE et, au dos, une quantit\u00e9 sensationnelle de PYRIT xx.<\/p>\n<p>poids : 2,1 kilogrammes<\/p>\n<p>Dimensions : 18 x 15 x 6 cm<\/p>\n<p>Lieu de d\u00e9couverte : Mine de Huanzala - Andes - P\u00e9rou<\/p>","protected":false},"excerpt":{"rendered":"<p>Un niveau de GALENITE = BLEIGLANZ de premi\u00e8re qualit\u00e9 avec des cristaux tr\u00e8s brillants de 3 cm de c\u00f4t\u00e9. Abondance de petits CRISTALES DE MONTAGNE et, au dos, une quantit\u00e9 sensationnelle de PYRITE xx Poids : 2,1 kilogrammes Dimensions : 18 x 15 x 6 cm Lieu de d\u00e9couverte : Mine de Huanzala - Andes - P\u00e9rou<\/p>","protected":false},"featured_media":3104,"template":"","meta":{"_acf_changed":false},"region":[],"product_brand":[],"product_cat":[15],"product_tag":[],"class_list":{"0":"post-2378","1":"product","2":"type-product","3":"status-publish","4":"has-post-thumbnail","6":"product_cat-mineralien","8":"first","9":"outofstock","10":"sold-individually","11":"product-type-simple"},"acf":[],"_links":{"self":[{"href":"https:\/\/westgem.shop\/fr\/wp-json\/wp\/v2\/product\/2378","targetHints":{"allow":["GET"]}}],"collection":[{"href":"https:\/\/westgem.shop\/fr\/wp-json\/wp\/v2\/product"}],"about":[{"href":"https:\/\/westgem.shop\/fr\/wp-json\/wp\/v2\/types\/product"}],"wp:featuredmedia":[{"embeddable":true,"href":"https:\/\/westgem.shop\/fr\/wp-json\/wp\/v2\/media\/3104"}],"wp:attachment":[{"href":"https:\/\/westgem.shop\/fr\/wp-json\/wp\/v2\/media?parent=2378"}],"wp:term":[{"taxonomy":"region","embeddable":true,"href":"https:\/\/westgem.shop\/fr\/wp-json\/wp\/v2\/region?post=2378"},{"taxonomy":"product_brand","embeddable":true,"href":"https:\/\/westgem.shop\/fr\/wp-json\/wp\/v2\/product_brand?post=2378"},{"taxonomy":"product_cat","embeddable":true,"href":"https:\/\/westgem.shop\/fr\/wp-json\/wp\/v2\/product_cat?post=2378"},{"taxonomy":"product_tag","embeddable":true,"href":"https:\/\/westgem.shop\/fr\/wp-json\/wp\/v2\/product_tag?post=2378"}],"curies":[{"name":"wp","href":"https:\/\/api.w.org\/{rel}","templated":true}]}}