{"id":2383,"date":"2000-12-10T00:00:00","date_gmt":"2000-12-10T00:00:00","guid":{"rendered":"https:\/\/miners.rocks\/product\/baumfarn-poliert\/"},"modified":"2020-05-19T16:57:50","modified_gmt":"2020-05-19T16:57:50","slug":"fougere-arborescente-polie","status":"publish","type":"product","link":"https:\/\/westgem.shop\/fr\/produit\/fougere-arborescente-polie\/","title":{"rendered":"TEINTES D'ARBRE - Polies"},"content":{"rendered":"<p>Disque de foug\u00e8re arborescente , complet avec \u00e9corce et cavit\u00e9s int\u00e9rieures. Polie des deux c\u00f4t\u00e9s.<\/p>\n<p>Pi\u00e8ce de DECO de premi\u00e8re classe.<\/p>\n<p>Poids : 880 g Dimensions : 17 x 15 x 2,5 cm<\/p>\n<p>COULEUR D'ARBRE Description pour l'art. VH - 003<\/p>","protected":false},"excerpt":{"rendered":"<p>Disque de foug\u00e8re arborescente , complet avec \u00e9corce et cavit\u00e9s int\u00e9rieures. Polie des deux c\u00f4t\u00e9s. Pi\u00e8ce DEKO de premi\u00e8re qualit\u00e9. Poids : 880 g Dimensions : 17 x 15 x 2,5 cm FOURRES D'ARBRES Description \u00e0 l'art. VH - 003<\/p>","protected":false},"featured_media":3112,"template":"","meta":{"_acf_changed":false},"region":[],"product_brand":[],"product_cat":[15],"product_tag":[],"class_list":{"0":"post-2383","1":"product","2":"type-product","3":"status-publish","4":"has-post-thumbnail","6":"product_cat-mineralien","8":"first","9":"outofstock","10":"sold-individually","11":"product-type-simple"},"acf":[],"_links":{"self":[{"href":"https:\/\/westgem.shop\/fr\/wp-json\/wp\/v2\/product\/2383","targetHints":{"allow":["GET"]}}],"collection":[{"href":"https:\/\/westgem.shop\/fr\/wp-json\/wp\/v2\/product"}],"about":[{"href":"https:\/\/westgem.shop\/fr\/wp-json\/wp\/v2\/types\/product"}],"wp:featuredmedia":[{"embeddable":true,"href":"https:\/\/westgem.shop\/fr\/wp-json\/wp\/v2\/media\/3112"}],"wp:attachment":[{"href":"https:\/\/westgem.shop\/fr\/wp-json\/wp\/v2\/media?parent=2383"}],"wp:term":[{"taxonomy":"region","embeddable":true,"href":"https:\/\/westgem.shop\/fr\/wp-json\/wp\/v2\/region?post=2383"},{"taxonomy":"product_brand","embeddable":true,"href":"https:\/\/westgem.shop\/fr\/wp-json\/wp\/v2\/product_brand?post=2383"},{"taxonomy":"product_cat","embeddable":true,"href":"https:\/\/westgem.shop\/fr\/wp-json\/wp\/v2\/product_cat?post=2383"},{"taxonomy":"product_tag","embeddable":true,"href":"https:\/\/westgem.shop\/fr\/wp-json\/wp\/v2\/product_tag?post=2383"}],"curies":[{"name":"wp","href":"https:\/\/api.w.org\/{rel}","templated":true}]}}