{"id":2384,"date":"2000-12-11T00:00:00","date_gmt":"2000-12-11T00:00:00","guid":{"rendered":"https:\/\/miners.rocks\/product\/titea-singularis-baumfarn\/"},"modified":"2020-05-19T16:57:51","modified_gmt":"2020-05-19T16:57:51","slug":"titea-singularis-fougere-arborescente","status":"publish","type":"product","link":"https:\/\/westgem.shop\/fr\/produit\/titea-singularis-fougere-arborescente\/","title":{"rendered":"TITEA SINGULARIS - FOUG\u00c8RE ARBORESCENTE"},"content":{"rendered":"<p>Bois p\u00e9trifi\u00e9 - Genre : FARNE  <\/p>\n<p>Rare - complet avec \u00e9corce - poli d'un c\u00f4t\u00e9.<\/p>\n<p>DESCRIPTION pour l'art. VH - 003<\/p>\n<p>Poids : 1,2 kilogramme Dimensions : 19 x 11 x 4 cm<\/p>\n<p>La photo 2 a \u00e9t\u00e9 prise avec plus d'ombre pour montrer les superbes structures des faisceaux conducteurs - normalement, la pi\u00e8ce est alors beaucoup plus claire.<\/p>","protected":false},"excerpt":{"rendered":"<p>Bois p\u00e9trifi\u00e9 - genre : FARNE RARE - complet avec \u00e9corce - poli d'un c\u00f4t\u00e9. DESCRIPTION \u00e0 l'art. VH - 003 Poids : 1,2 kilogramme Dimensions : 19 x 11 x 4 cm La photo 2 a \u00e9t\u00e9 prise avec plus d'ombre pour montrer les superbes structures des faisceaux conducteurs - normalement la pi\u00e8ce est alors beaucoup plus claire.<\/p>","protected":false},"featured_media":3114,"template":"","meta":{"_acf_changed":false},"region":[],"product_brand":[],"product_cat":[15],"product_tag":[],"class_list":{"0":"post-2384","1":"product","2":"type-product","3":"status-publish","4":"has-post-thumbnail","6":"product_cat-mineralien","8":"first","9":"outofstock","10":"sold-individually","11":"product-type-simple"},"acf":[],"_links":{"self":[{"href":"https:\/\/westgem.shop\/fr\/wp-json\/wp\/v2\/product\/2384","targetHints":{"allow":["GET"]}}],"collection":[{"href":"https:\/\/westgem.shop\/fr\/wp-json\/wp\/v2\/product"}],"about":[{"href":"https:\/\/westgem.shop\/fr\/wp-json\/wp\/v2\/types\/product"}],"wp:featuredmedia":[{"embeddable":true,"href":"https:\/\/westgem.shop\/fr\/wp-json\/wp\/v2\/media\/3114"}],"wp:attachment":[{"href":"https:\/\/westgem.shop\/fr\/wp-json\/wp\/v2\/media?parent=2384"}],"wp:term":[{"taxonomy":"region","embeddable":true,"href":"https:\/\/westgem.shop\/fr\/wp-json\/wp\/v2\/region?post=2384"},{"taxonomy":"product_brand","embeddable":true,"href":"https:\/\/westgem.shop\/fr\/wp-json\/wp\/v2\/product_brand?post=2384"},{"taxonomy":"product_cat","embeddable":true,"href":"https:\/\/westgem.shop\/fr\/wp-json\/wp\/v2\/product_cat?post=2384"},{"taxonomy":"product_tag","embeddable":true,"href":"https:\/\/westgem.shop\/fr\/wp-json\/wp\/v2\/product_tag?post=2384"}],"curies":[{"name":"wp","href":"https:\/\/api.w.org\/{rel}","templated":true}]}}