{"id":2385,"date":"2000-12-12T00:00:00","date_gmt":"2000-12-12T00:00:00","guid":{"rendered":"https:\/\/miners.rocks\/product\/versteinerter-baumfarn-3\/"},"modified":"2020-05-19T16:57:51","modified_gmt":"2020-05-19T16:57:51","slug":"fougere-arborescente-fossilisee-3","status":"publish","type":"product","link":"https:\/\/westgem.shop\/fr\/produit\/fougere-arborescente-fossilisee-3\/","title":{"rendered":"FOURRIER fossilis\u00e9"},"content":{"rendered":"<p>Superbe pi\u00e8ce justificative avec une structure de faisceau conducteur clairement visible .<\/p>\n<p>Cro\u00fbte enti\u00e8re sur tout le pourtour - polie sur une face<\/p>\n<p>COULEUR Description pour l'art. : VH - 003<\/p>\n<p>Poids : 640 g Dimensions : 14,5 x 8 x 4 cm<\/p>","protected":false},"excerpt":{"rendered":"<p>Superbe pi\u00e8ce avec une structure de faisceau clairement visible. Ecorce enti\u00e8re sur tout le pourtour - polie d'un c\u00f4t\u00e9 COULEUR Description pour l'art. : VH - 003 Poids : 640 g Dimensions : 14,5 x 8 x 4 cm<\/p>","protected":false},"featured_media":3117,"template":"","meta":{"_acf_changed":false},"region":[],"product_brand":[],"product_cat":[15],"product_tag":[],"class_list":{"0":"post-2385","1":"product","2":"type-product","3":"status-publish","4":"has-post-thumbnail","6":"product_cat-mineralien","8":"first","9":"outofstock","10":"sold-individually","11":"product-type-simple"},"acf":[],"_links":{"self":[{"href":"https:\/\/westgem.shop\/fr\/wp-json\/wp\/v2\/product\/2385","targetHints":{"allow":["GET"]}}],"collection":[{"href":"https:\/\/westgem.shop\/fr\/wp-json\/wp\/v2\/product"}],"about":[{"href":"https:\/\/westgem.shop\/fr\/wp-json\/wp\/v2\/types\/product"}],"wp:featuredmedia":[{"embeddable":true,"href":"https:\/\/westgem.shop\/fr\/wp-json\/wp\/v2\/media\/3117"}],"wp:attachment":[{"href":"https:\/\/westgem.shop\/fr\/wp-json\/wp\/v2\/media?parent=2385"}],"wp:term":[{"taxonomy":"region","embeddable":true,"href":"https:\/\/westgem.shop\/fr\/wp-json\/wp\/v2\/region?post=2385"},{"taxonomy":"product_brand","embeddable":true,"href":"https:\/\/westgem.shop\/fr\/wp-json\/wp\/v2\/product_brand?post=2385"},{"taxonomy":"product_cat","embeddable":true,"href":"https:\/\/westgem.shop\/fr\/wp-json\/wp\/v2\/product_cat?post=2385"},{"taxonomy":"product_tag","embeddable":true,"href":"https:\/\/westgem.shop\/fr\/wp-json\/wp\/v2\/product_tag?post=2385"}],"curies":[{"name":"wp","href":"https:\/\/api.w.org\/{rel}","templated":true}]}}